{"id":364,"date":"2025-03-25T18:13:21","date_gmt":"2025-03-25T19:43:21","guid":{"rendered":"https:\/\/solariscoreni.com\/?post_type=product&#038;p=364"},"modified":"2025-04-01T15:05:07","modified_gmt":"2025-04-01T16:35:07","slug":"panel-solar-monocristalino-550-w","status":"publish","type":"product","link":"https:\/\/solariscoreni.com\/en\/product\/panel-solar-monocristalino-550-w\/","title":{"rendered":"Solar Panel Monocristalino 550 W"},"content":{"rendered":"<div>\u2022 Nominal power: 550W<\/div>\n<div>\u2022Cell type: Monocrystalline<\/div>\n<div>\u2022Conversion efficiency: up to 21.5%<\/div>\n<div>\u2022 Corrosion-resistant aluminum frame<\/div>\n<div>\u2022High transparency tempered glass<\/div>\n<div>\u2022Excellent performance with low solar irradiation<\/div>\n<div>\n<div>\u2022 Multi-Collecting Bar Technology<\/div>\n<div>Make the most of sunlight, ensuring greater efficiency in energy generation. Ideal for projects that seek to optimise every ray of sunshine.<\/div>\n<div>\u2022High Resistance to Hot Spots (HOT)<\/div>\n<div>Thanks to the optimisation of the circuit design and working current, our solar panel offers excellent resistance to hot spots, maintaining optimal performance even in extreme conditions.<\/div>\n<div>\u2022Anti-PID Guarantee<\/div>\n<div>It minimises the attenuation caused by the PID phenomenon, ensuring greater durability and stability in energy production over time. A key guarantee for investment in solar energy.<\/div>\n<div>\u2022Adaptability to Hostile Environments<\/div>\n<div>Certified by third parties after rigourous salt fog tests and ammonia corrosion. Our panel is perfect for coastal areas, deserts, lakes and other environments of high temperature and humidity.<\/div>\n<div>\u2022Higher Mechanical Load<\/div>\n<div>Designed to withstand adverse weather conditions:<\/div>\n<div>\u2022Resistance to a snow load of up to 5400 Pa.<\/div>\n<div>\u2022Support for a wind pressure of up to 2400 Pa.<\/div>\n<div>\u2022High Quality Materials<\/div>\n<div>Manufactured with the best materials and processes, guaranteeing a durable and reliable product.<\/div>\n<div>\u2022Linear Power Warranty<\/div>\n<div>With a linear attenuation of 0.55% per year for 25 years, we ensure a consistent and prolonged return.<\/div>\n<div>\u2022Positive Tolerance of \u00b13%<\/div>\n<div>Precision in manufacturing that guarantees an energy production according to the most demanding standards.<\/div>\n<p>&nbsp;<\/p>\n<\/div>\n<div><\/div>\n<div><\/div>\n<div><\/div>","protected":false},"excerpt":{"rendered":"<p>Our 550W monocrystalline solar panel is designed for residential, commercial and industrial installations. With high-performance technology, this panel offers superior efficiency, durability.<\/p>\n<ul>\n<li>25-Year Limited Warranty.<\/li>\n<\/ul>","protected":false},"featured_media":258,"comment_status":"open","ping_status":"closed","template":"","meta":[],"product_brand":[],"product_cat":[35],"product_tag":[],"class_list":{"0":"post-364","1":"product","2":"type-product","3":"status-publish","4":"has-post-thumbnail","6":"product_cat-paneles-solares","8":"first","9":"instock","10":"shipping-taxable","11":"product-type-simple"},"yoast_head":"<!-- This site is optimized with the Yoast SEO plugin v27.4 - https:\/\/yoast.com\/product\/yoast-seo-wordpress\/ -->\n<title>Panel Solar Monocristalino 550 W - SOLARISCORE SA<\/title>\n<meta name=\"robots\" content=\"index, follow, max-snippet:-1, max-image-preview:large, max-video-preview:-1\" \/>\n<link rel=\"canonical\" href=\"https:\/\/solariscoreni.com\/en\/product\/panel-solar-monocristalino-550-w\/\" \/>\n<meta property=\"og:locale\" content=\"en_US\" \/>\n<meta property=\"og:type\" content=\"article\" \/>\n<meta property=\"og:title\" content=\"Panel Solar Monocristalino 550 W - SOLARISCORE SA\" \/>\n<meta property=\"og:description\" content=\"Nuestro panel solar monocristalino de 550W est\u00e1 dise\u00f1ado para instalaciones residenciales, comerciales e industriales. Con tecnolog\u00eda de alto rendimiento, este panel ofrece eficiencia superior, durabilidad.   Garant\u00eda Limitada de 25 A\u00f1os.\" \/>\n<meta property=\"og:url\" content=\"https:\/\/solariscoreni.com\/en\/product\/panel-solar-monocristalino-550-w\/\" \/>\n<meta property=\"og:site_name\" content=\"SOLARISCORE SA\" \/>\n<meta property=\"article:modified_time\" content=\"2025-04-01T16:35:07+00:00\" \/>\n<meta property=\"og:image\" content=\"https:\/\/solariscoreni.com\/wp-content\/uploads\/2025\/03\/IMG_0811.jpeg\" \/>\n\t<meta property=\"og:image:width\" content=\"1290\" \/>\n\t<meta property=\"og:image:height\" content=\"868\" \/>\n\t<meta property=\"og:image:type\" content=\"image\/jpeg\" \/>\n<meta name=\"twitter:card\" content=\"summary_large_image\" \/>\n<meta name=\"twitter:label1\" content=\"Est. reading time\" \/>\n\t<meta name=\"twitter:data1\" content=\"2 minutes\" \/>\n<script type=\"application\/ld+json\" class=\"yoast-schema-graph\">{\"@context\":\"https:\\\/\\\/schema.org\",\"@graph\":[{\"@type\":\"WebPage\",\"@id\":\"https:\\\/\\\/solariscoreni.com\\\/en\\\/product\\\/panel-solar-monocristalino-550-w\\\/\",\"url\":\"https:\\\/\\\/solariscoreni.com\\\/en\\\/product\\\/panel-solar-monocristalino-550-w\\\/\",\"name\":\"Panel Solar Monocristalino 550 W - SOLARISCORE SA\",\"isPartOf\":{\"@id\":\"https:\\\/\\\/solariscoreni.com\\\/es_es\\\/#website\"},\"primaryImageOfPage\":{\"@id\":\"https:\\\/\\\/solariscoreni.com\\\/en\\\/product\\\/panel-solar-monocristalino-550-w\\\/#primaryimage\"},\"image\":{\"@id\":\"https:\\\/\\\/solariscoreni.com\\\/en\\\/product\\\/panel-solar-monocristalino-550-w\\\/#primaryimage\"},\"thumbnailUrl\":\"https:\\\/\\\/solariscoreni.com\\\/wp-content\\\/uploads\\\/2025\\\/03\\\/IMG_0811.jpeg\",\"datePublished\":\"2025-03-25T19:43:21+00:00\",\"dateModified\":\"2025-04-01T16:35:07+00:00\",\"breadcrumb\":{\"@id\":\"https:\\\/\\\/solariscoreni.com\\\/en\\\/product\\\/panel-solar-monocristalino-550-w\\\/#breadcrumb\"},\"inLanguage\":\"en-US\",\"potentialAction\":[{\"@type\":\"ReadAction\",\"target\":[\"https:\\\/\\\/solariscoreni.com\\\/en\\\/product\\\/panel-solar-monocristalino-550-w\\\/\"]}]},{\"@type\":\"ImageObject\",\"inLanguage\":\"en-US\",\"@id\":\"https:\\\/\\\/solariscoreni.com\\\/en\\\/product\\\/panel-solar-monocristalino-550-w\\\/#primaryimage\",\"url\":\"https:\\\/\\\/solariscoreni.com\\\/wp-content\\\/uploads\\\/2025\\\/03\\\/IMG_0811.jpeg\",\"contentUrl\":\"https:\\\/\\\/solariscoreni.com\\\/wp-content\\\/uploads\\\/2025\\\/03\\\/IMG_0811.jpeg\",\"width\":1290,\"height\":868},{\"@type\":\"BreadcrumbList\",\"@id\":\"https:\\\/\\\/solariscoreni.com\\\/en\\\/product\\\/panel-solar-monocristalino-550-w\\\/#breadcrumb\",\"itemListElement\":[{\"@type\":\"ListItem\",\"position\":1,\"name\":\"Portada\",\"item\":\"https:\\\/\\\/solariscoreni.com\\\/es_es\\\/\"},{\"@type\":\"ListItem\",\"position\":2,\"name\":\"Cat\u00e1logo\",\"item\":\"https:\\\/\\\/solariscoreni.com\\\/es_es\\\/catalogo\\\/\"},{\"@type\":\"ListItem\",\"position\":3,\"name\":\"Panel Solar Monocristalino 550 W\"}]},{\"@type\":\"WebSite\",\"@id\":\"https:\\\/\\\/solariscoreni.com\\\/es_es\\\/#website\",\"url\":\"https:\\\/\\\/solariscoreni.com\\\/es_es\\\/\",\"name\":\"SOLARISCORE SA\",\"description\":\"SOLARISCORE ofrece soluciones integrales en ENERG&Iacute;A SOLAR, combinando tecnolog&iacute;a avanzada y eficiencia energ&eacute;tica para transformar PANELES SOLARES en oportunidades de ahorro y sostenibilidad.\",\"publisher\":{\"@id\":\"https:\\\/\\\/solariscoreni.com\\\/es_es\\\/#organization\"},\"potentialAction\":[{\"@type\":\"SearchAction\",\"target\":{\"@type\":\"EntryPoint\",\"urlTemplate\":\"https:\\\/\\\/solariscoreni.com\\\/es_es\\\/?s={search_term_string}\"},\"query-input\":{\"@type\":\"PropertyValueSpecification\",\"valueRequired\":true,\"valueName\":\"search_term_string\"}}],\"inLanguage\":\"en-US\"},{\"@type\":\"Organization\",\"@id\":\"https:\\\/\\\/solariscoreni.com\\\/es_es\\\/#organization\",\"name\":\"SOLARISCORE SA\",\"url\":\"https:\\\/\\\/solariscoreni.com\\\/es_es\\\/\",\"logo\":{\"@type\":\"ImageObject\",\"inLanguage\":\"en-US\",\"@id\":\"https:\\\/\\\/solariscoreni.com\\\/es_es\\\/#\\\/schema\\\/logo\\\/image\\\/\",\"url\":\"https:\\\/\\\/solariscoreni.com\\\/wp-content\\\/uploads\\\/2025\\\/03\\\/IMG_1304.jpeg\",\"contentUrl\":\"https:\\\/\\\/solariscoreni.com\\\/wp-content\\\/uploads\\\/2025\\\/03\\\/IMG_1304.jpeg\",\"width\":1188,\"height\":1188,\"caption\":\"SOLARISCORE SA\"},\"image\":{\"@id\":\"https:\\\/\\\/solariscoreni.com\\\/es_es\\\/#\\\/schema\\\/logo\\\/image\\\/\"}}]}<\/script>\n<!-- \/ Yoast SEO plugin. -->","yoast_head_json":{"title":"Panel Solar Monocristalino 550 W - SOLARISCORE SA","robots":{"index":"index","follow":"follow","max-snippet":"max-snippet:-1","max-image-preview":"max-image-preview:large","max-video-preview":"max-video-preview:-1"},"canonical":"https:\/\/solariscoreni.com\/en\/product\/panel-solar-monocristalino-550-w\/","og_locale":"en_US","og_type":"article","og_title":"Panel Solar Monocristalino 550 W - SOLARISCORE SA","og_description":"Nuestro panel solar monocristalino de 550W est\u00e1 dise\u00f1ado para instalaciones residenciales, comerciales e industriales. Con tecnolog\u00eda de alto rendimiento, este panel ofrece eficiencia superior, durabilidad.   Garant\u00eda Limitada de 25 A\u00f1os.","og_url":"https:\/\/solariscoreni.com\/en\/product\/panel-solar-monocristalino-550-w\/","og_site_name":"SOLARISCORE SA","article_modified_time":"2025-04-01T16:35:07+00:00","og_image":[{"width":1290,"height":868,"url":"https:\/\/solariscoreni.com\/wp-content\/uploads\/2025\/03\/IMG_0811.jpeg","type":"image\/jpeg"}],"twitter_card":"summary_large_image","twitter_misc":{"Est. reading time":"2 minutes"},"schema":{"@context":"https:\/\/schema.org","@graph":[{"@type":"WebPage","@id":"https:\/\/solariscoreni.com\/en\/product\/panel-solar-monocristalino-550-w\/","url":"https:\/\/solariscoreni.com\/en\/product\/panel-solar-monocristalino-550-w\/","name":"Panel Solar Monocristalino 550 W - SOLARISCORE SA","isPartOf":{"@id":"https:\/\/solariscoreni.com\/es_es\/#website"},"primaryImageOfPage":{"@id":"https:\/\/solariscoreni.com\/en\/product\/panel-solar-monocristalino-550-w\/#primaryimage"},"image":{"@id":"https:\/\/solariscoreni.com\/en\/product\/panel-solar-monocristalino-550-w\/#primaryimage"},"thumbnailUrl":"https:\/\/solariscoreni.com\/wp-content\/uploads\/2025\/03\/IMG_0811.jpeg","datePublished":"2025-03-25T19:43:21+00:00","dateModified":"2025-04-01T16:35:07+00:00","breadcrumb":{"@id":"https:\/\/solariscoreni.com\/en\/product\/panel-solar-monocristalino-550-w\/#breadcrumb"},"inLanguage":"en-US","potentialAction":[{"@type":"ReadAction","target":["https:\/\/solariscoreni.com\/en\/product\/panel-solar-monocristalino-550-w\/"]}]},{"@type":"ImageObject","inLanguage":"en-US","@id":"https:\/\/solariscoreni.com\/en\/product\/panel-solar-monocristalino-550-w\/#primaryimage","url":"https:\/\/solariscoreni.com\/wp-content\/uploads\/2025\/03\/IMG_0811.jpeg","contentUrl":"https:\/\/solariscoreni.com\/wp-content\/uploads\/2025\/03\/IMG_0811.jpeg","width":1290,"height":868},{"@type":"BreadcrumbList","@id":"https:\/\/solariscoreni.com\/en\/product\/panel-solar-monocristalino-550-w\/#breadcrumb","itemListElement":[{"@type":"ListItem","position":1,"name":"Portada","item":"https:\/\/solariscoreni.com\/es_es\/"},{"@type":"ListItem","position":2,"name":"Cat\u00e1logo","item":"https:\/\/solariscoreni.com\/es_es\/catalogo\/"},{"@type":"ListItem","position":3,"name":"Panel Solar Monocristalino 550 W"}]},{"@type":"WebSite","@id":"https:\/\/solariscoreni.com\/es_es\/#website","url":"https:\/\/solariscoreni.com\/es_es\/","name":"SOLARISCORE SA","description":"SOLARISCORE ofrece soluciones integrales en ENERG&Iacute;A SOLAR, combinando tecnolog&iacute;a avanzada y eficiencia energ&eacute;tica para transformar PANELES SOLARES en oportunidades de ahorro y sostenibilidad.","publisher":{"@id":"https:\/\/solariscoreni.com\/es_es\/#organization"},"potentialAction":[{"@type":"SearchAction","target":{"@type":"EntryPoint","urlTemplate":"https:\/\/solariscoreni.com\/es_es\/?s={search_term_string}"},"query-input":{"@type":"PropertyValueSpecification","valueRequired":true,"valueName":"search_term_string"}}],"inLanguage":"en-US"},{"@type":"Organization","@id":"https:\/\/solariscoreni.com\/es_es\/#organization","name":"SOLARISCORE SA","url":"https:\/\/solariscoreni.com\/es_es\/","logo":{"@type":"ImageObject","inLanguage":"en-US","@id":"https:\/\/solariscoreni.com\/es_es\/#\/schema\/logo\/image\/","url":"https:\/\/solariscoreni.com\/wp-content\/uploads\/2025\/03\/IMG_1304.jpeg","contentUrl":"https:\/\/solariscoreni.com\/wp-content\/uploads\/2025\/03\/IMG_1304.jpeg","width":1188,"height":1188,"caption":"SOLARISCORE SA"},"image":{"@id":"https:\/\/solariscoreni.com\/es_es\/#\/schema\/logo\/image\/"}}]}},"_links":{"self":[{"href":"https:\/\/solariscoreni.com\/en\/wp-json\/wp\/v2\/product\/364","targetHints":{"allow":["GET"]}}],"collection":[{"href":"https:\/\/solariscoreni.com\/en\/wp-json\/wp\/v2\/product"}],"about":[{"href":"https:\/\/solariscoreni.com\/en\/wp-json\/wp\/v2\/types\/product"}],"replies":[{"embeddable":true,"href":"https:\/\/solariscoreni.com\/en\/wp-json\/wp\/v2\/comments?post=364"}],"wp:featuredmedia":[{"embeddable":true,"href":"https:\/\/solariscoreni.com\/en\/wp-json\/wp\/v2\/media\/258"}],"wp:attachment":[{"href":"https:\/\/solariscoreni.com\/en\/wp-json\/wp\/v2\/media?parent=364"}],"wp:term":[{"taxonomy":"product_brand","embeddable":true,"href":"https:\/\/solariscoreni.com\/en\/wp-json\/wp\/v2\/product_brand?post=364"},{"taxonomy":"product_cat","embeddable":true,"href":"https:\/\/solariscoreni.com\/en\/wp-json\/wp\/v2\/product_cat?post=364"},{"taxonomy":"product_tag","embeddable":true,"href":"https:\/\/solariscoreni.com\/en\/wp-json\/wp\/v2\/product_tag?post=364"}],"curies":[{"name":"wp","href":"https:\/\/api.w.org\/{rel}","templated":true}]}}