{"id":387,"date":"2025-03-25T19:30:17","date_gmt":"2025-03-25T21:00:17","guid":{"rendered":"https:\/\/solariscoreni.com\/?post_type=product&#038;p=387"},"modified":"2025-03-31T14:52:31","modified_gmt":"2025-03-31T16:22:31","slug":"bateria-solar-de-litio-51-2-v-200ah","status":"publish","type":"product","link":"https:\/\/solariscoreni.com\/en\/product\/bateria-solar-de-litio-51-2-v-200ah\/","title":{"rendered":"Solar Lithium Battery 51.2 V 200Ah"},"content":{"rendered":"<div>The 51.2V 200Ah Lithium Solar Battery is an advanced energy storage solution for residential, commercial and industrial solar photovoltaic installations. Thanks to its high capacity and lithium technology, it guarantees safety, efficiency and a superior service life, even under intensive use conditions.<\/div>\n<div><\/div>\n<div>Technical specifications:<\/div>\n<div>\u2022Nominal voltage: 51.2V<\/div>\n<div>\u2022Capacity: 200Ah (10.24 kWh)<\/div>\n<div>\u2022Battery type: Lithium<\/div>\n<div>\u2022Life cycles: +6,000 cycles at 80% DOD<\/div>\n<div>\u2022Integrated BMS system: Protection against overload, deep discharge, overheating and short circuit<\/div>\n<div>\u2022Compatibility: Hybrid inverters, MPPT solar chargers and backup systems<\/div>\n<div>\u2022Mounting: Mural or rack, according to design<\/div>\n<div>\u2022Light weight and higher energy density<\/div>\n<div><\/div>","protected":false},"excerpt":{"rendered":"<p>51.2V and 200Ah lithium solar battery, designed for high-demand solar systems. It offers efficient storage, long service life and compatibility with hybrid inverters and off-grid systems.<\/p>\n<p>\u2022 5-year limited warranty.<\/p>","protected":false},"featured_media":274,"comment_status":"open","ping_status":"closed","template":"","meta":[],"product_brand":[],"product_cat":[36],"product_tag":[],"class_list":{"0":"post-387","1":"product","2":"type-product","3":"status-publish","4":"has-post-thumbnail","6":"product_cat-baterias-solares","8":"first","9":"instock","10":"shipping-taxable","11":"product-type-simple"},"yoast_head":"<!-- This site is optimized with the Yoast SEO plugin v27.4 - https:\/\/yoast.com\/product\/yoast-seo-wordpress\/ -->\n<title>Bater\u00eda Solar de Litio 51.2 V 200Ah - SOLARISCORE SA<\/title>\n<meta name=\"robots\" content=\"index, follow, max-snippet:-1, max-image-preview:large, max-video-preview:-1\" \/>\n<link rel=\"canonical\" href=\"https:\/\/solariscoreni.com\/en\/product\/bateria-solar-de-litio-51-2-v-200ah\/\" \/>\n<meta property=\"og:locale\" content=\"en_US\" \/>\n<meta property=\"og:type\" content=\"article\" \/>\n<meta property=\"og:title\" content=\"Bater\u00eda Solar de Litio 51.2 V 200Ah - SOLARISCORE SA\" \/>\n<meta property=\"og:description\" content=\"Bater\u00eda solar de litio de 51.2V y 200Ah, dise\u00f1ada para sistemas solares de alta demanda. Ofrece almacenamiento eficiente, larga vida \u00fatil y compatibilidad con inversores h\u00edbridos y sistemas off-grid.  \u2022Garant\u00eda Limitada \u00a0de 5 a\u00f1os.\" \/>\n<meta property=\"og:url\" content=\"https:\/\/solariscoreni.com\/en\/product\/bateria-solar-de-litio-51-2-v-200ah\/\" \/>\n<meta property=\"og:site_name\" content=\"SOLARISCORE SA\" \/>\n<meta property=\"article:modified_time\" content=\"2025-03-31T16:22:31+00:00\" \/>\n<meta property=\"og:image\" content=\"https:\/\/solariscoreni.com\/wp-content\/uploads\/2025\/03\/0ad55b26-dd49-4c9a-aba3-d74fd1a88e26-1.jpeg\" \/>\n\t<meta property=\"og:image:width\" content=\"572\" \/>\n\t<meta property=\"og:image:height\" content=\"780\" \/>\n\t<meta property=\"og:image:type\" content=\"image\/jpeg\" \/>\n<meta name=\"twitter:card\" content=\"summary_large_image\" \/>\n<meta name=\"twitter:label1\" content=\"Est. reading time\" \/>\n\t<meta name=\"twitter:data1\" content=\"1 minute\" \/>\n<script type=\"application\/ld+json\" class=\"yoast-schema-graph\">{\"@context\":\"https:\\\/\\\/schema.org\",\"@graph\":[{\"@type\":\"WebPage\",\"@id\":\"https:\\\/\\\/solariscoreni.com\\\/en\\\/product\\\/bateria-solar-de-litio-51-2-v-200ah\\\/\",\"url\":\"https:\\\/\\\/solariscoreni.com\\\/en\\\/product\\\/bateria-solar-de-litio-51-2-v-200ah\\\/\",\"name\":\"Bater\u00eda Solar de Litio 51.2 V 200Ah - SOLARISCORE SA\",\"isPartOf\":{\"@id\":\"https:\\\/\\\/solariscoreni.com\\\/es_es\\\/#website\"},\"primaryImageOfPage\":{\"@id\":\"https:\\\/\\\/solariscoreni.com\\\/en\\\/product\\\/bateria-solar-de-litio-51-2-v-200ah\\\/#primaryimage\"},\"image\":{\"@id\":\"https:\\\/\\\/solariscoreni.com\\\/en\\\/product\\\/bateria-solar-de-litio-51-2-v-200ah\\\/#primaryimage\"},\"thumbnailUrl\":\"https:\\\/\\\/solariscoreni.com\\\/wp-content\\\/uploads\\\/2025\\\/03\\\/0ad55b26-dd49-4c9a-aba3-d74fd1a88e26-1.jpeg\",\"datePublished\":\"2025-03-25T21:00:17+00:00\",\"dateModified\":\"2025-03-31T16:22:31+00:00\",\"breadcrumb\":{\"@id\":\"https:\\\/\\\/solariscoreni.com\\\/en\\\/product\\\/bateria-solar-de-litio-51-2-v-200ah\\\/#breadcrumb\"},\"inLanguage\":\"en-US\",\"potentialAction\":[{\"@type\":\"ReadAction\",\"target\":[\"https:\\\/\\\/solariscoreni.com\\\/en\\\/product\\\/bateria-solar-de-litio-51-2-v-200ah\\\/\"]}]},{\"@type\":\"ImageObject\",\"inLanguage\":\"en-US\",\"@id\":\"https:\\\/\\\/solariscoreni.com\\\/en\\\/product\\\/bateria-solar-de-litio-51-2-v-200ah\\\/#primaryimage\",\"url\":\"https:\\\/\\\/solariscoreni.com\\\/wp-content\\\/uploads\\\/2025\\\/03\\\/0ad55b26-dd49-4c9a-aba3-d74fd1a88e26-1.jpeg\",\"contentUrl\":\"https:\\\/\\\/solariscoreni.com\\\/wp-content\\\/uploads\\\/2025\\\/03\\\/0ad55b26-dd49-4c9a-aba3-d74fd1a88e26-1.jpeg\",\"width\":572,\"height\":780},{\"@type\":\"BreadcrumbList\",\"@id\":\"https:\\\/\\\/solariscoreni.com\\\/en\\\/product\\\/bateria-solar-de-litio-51-2-v-200ah\\\/#breadcrumb\",\"itemListElement\":[{\"@type\":\"ListItem\",\"position\":1,\"name\":\"Portada\",\"item\":\"https:\\\/\\\/solariscoreni.com\\\/es_es\\\/\"},{\"@type\":\"ListItem\",\"position\":2,\"name\":\"Cat\u00e1logo\",\"item\":\"https:\\\/\\\/solariscoreni.com\\\/es_es\\\/catalogo\\\/\"},{\"@type\":\"ListItem\",\"position\":3,\"name\":\"Bater\u00eda Solar de Litio 51.2 V 200Ah\"}]},{\"@type\":\"WebSite\",\"@id\":\"https:\\\/\\\/solariscoreni.com\\\/es_es\\\/#website\",\"url\":\"https:\\\/\\\/solariscoreni.com\\\/es_es\\\/\",\"name\":\"SOLARISCORE SA\",\"description\":\"SOLARISCORE ofrece soluciones integrales en ENERG&Iacute;A SOLAR, combinando tecnolog&iacute;a avanzada y eficiencia energ&eacute;tica para transformar PANELES SOLARES en oportunidades de ahorro y sostenibilidad.\",\"publisher\":{\"@id\":\"https:\\\/\\\/solariscoreni.com\\\/es_es\\\/#organization\"},\"potentialAction\":[{\"@type\":\"SearchAction\",\"target\":{\"@type\":\"EntryPoint\",\"urlTemplate\":\"https:\\\/\\\/solariscoreni.com\\\/es_es\\\/?s={search_term_string}\"},\"query-input\":{\"@type\":\"PropertyValueSpecification\",\"valueRequired\":true,\"valueName\":\"search_term_string\"}}],\"inLanguage\":\"en-US\"},{\"@type\":\"Organization\",\"@id\":\"https:\\\/\\\/solariscoreni.com\\\/es_es\\\/#organization\",\"name\":\"SOLARISCORE SA\",\"url\":\"https:\\\/\\\/solariscoreni.com\\\/es_es\\\/\",\"logo\":{\"@type\":\"ImageObject\",\"inLanguage\":\"en-US\",\"@id\":\"https:\\\/\\\/solariscoreni.com\\\/es_es\\\/#\\\/schema\\\/logo\\\/image\\\/\",\"url\":\"https:\\\/\\\/solariscoreni.com\\\/wp-content\\\/uploads\\\/2025\\\/03\\\/IMG_1304.jpeg\",\"contentUrl\":\"https:\\\/\\\/solariscoreni.com\\\/wp-content\\\/uploads\\\/2025\\\/03\\\/IMG_1304.jpeg\",\"width\":1188,\"height\":1188,\"caption\":\"SOLARISCORE SA\"},\"image\":{\"@id\":\"https:\\\/\\\/solariscoreni.com\\\/es_es\\\/#\\\/schema\\\/logo\\\/image\\\/\"}}]}<\/script>\n<!-- \/ Yoast SEO plugin. -->","yoast_head_json":{"title":"Bater\u00eda Solar de Litio 51.2 V 200Ah - SOLARISCORE SA","robots":{"index":"index","follow":"follow","max-snippet":"max-snippet:-1","max-image-preview":"max-image-preview:large","max-video-preview":"max-video-preview:-1"},"canonical":"https:\/\/solariscoreni.com\/en\/product\/bateria-solar-de-litio-51-2-v-200ah\/","og_locale":"en_US","og_type":"article","og_title":"Bater\u00eda Solar de Litio 51.2 V 200Ah - SOLARISCORE SA","og_description":"Bater\u00eda solar de litio de 51.2V y 200Ah, dise\u00f1ada para sistemas solares de alta demanda. Ofrece almacenamiento eficiente, larga vida \u00fatil y compatibilidad con inversores h\u00edbridos y sistemas off-grid.  \u2022Garant\u00eda Limitada \u00a0de 5 a\u00f1os.","og_url":"https:\/\/solariscoreni.com\/en\/product\/bateria-solar-de-litio-51-2-v-200ah\/","og_site_name":"SOLARISCORE SA","article_modified_time":"2025-03-31T16:22:31+00:00","og_image":[{"width":572,"height":780,"url":"https:\/\/solariscoreni.com\/wp-content\/uploads\/2025\/03\/0ad55b26-dd49-4c9a-aba3-d74fd1a88e26-1.jpeg","type":"image\/jpeg"}],"twitter_card":"summary_large_image","twitter_misc":{"Est. reading time":"1 minute"},"schema":{"@context":"https:\/\/schema.org","@graph":[{"@type":"WebPage","@id":"https:\/\/solariscoreni.com\/en\/product\/bateria-solar-de-litio-51-2-v-200ah\/","url":"https:\/\/solariscoreni.com\/en\/product\/bateria-solar-de-litio-51-2-v-200ah\/","name":"Bater\u00eda Solar de Litio 51.2 V 200Ah - SOLARISCORE SA","isPartOf":{"@id":"https:\/\/solariscoreni.com\/es_es\/#website"},"primaryImageOfPage":{"@id":"https:\/\/solariscoreni.com\/en\/product\/bateria-solar-de-litio-51-2-v-200ah\/#primaryimage"},"image":{"@id":"https:\/\/solariscoreni.com\/en\/product\/bateria-solar-de-litio-51-2-v-200ah\/#primaryimage"},"thumbnailUrl":"https:\/\/solariscoreni.com\/wp-content\/uploads\/2025\/03\/0ad55b26-dd49-4c9a-aba3-d74fd1a88e26-1.jpeg","datePublished":"2025-03-25T21:00:17+00:00","dateModified":"2025-03-31T16:22:31+00:00","breadcrumb":{"@id":"https:\/\/solariscoreni.com\/en\/product\/bateria-solar-de-litio-51-2-v-200ah\/#breadcrumb"},"inLanguage":"en-US","potentialAction":[{"@type":"ReadAction","target":["https:\/\/solariscoreni.com\/en\/product\/bateria-solar-de-litio-51-2-v-200ah\/"]}]},{"@type":"ImageObject","inLanguage":"en-US","@id":"https:\/\/solariscoreni.com\/en\/product\/bateria-solar-de-litio-51-2-v-200ah\/#primaryimage","url":"https:\/\/solariscoreni.com\/wp-content\/uploads\/2025\/03\/0ad55b26-dd49-4c9a-aba3-d74fd1a88e26-1.jpeg","contentUrl":"https:\/\/solariscoreni.com\/wp-content\/uploads\/2025\/03\/0ad55b26-dd49-4c9a-aba3-d74fd1a88e26-1.jpeg","width":572,"height":780},{"@type":"BreadcrumbList","@id":"https:\/\/solariscoreni.com\/en\/product\/bateria-solar-de-litio-51-2-v-200ah\/#breadcrumb","itemListElement":[{"@type":"ListItem","position":1,"name":"Portada","item":"https:\/\/solariscoreni.com\/es_es\/"},{"@type":"ListItem","position":2,"name":"Cat\u00e1logo","item":"https:\/\/solariscoreni.com\/es_es\/catalogo\/"},{"@type":"ListItem","position":3,"name":"Bater\u00eda Solar de Litio 51.2 V 200Ah"}]},{"@type":"WebSite","@id":"https:\/\/solariscoreni.com\/es_es\/#website","url":"https:\/\/solariscoreni.com\/es_es\/","name":"SOLARISCORE SA","description":"SOLARISCORE ofrece soluciones integrales en ENERG&Iacute;A SOLAR, combinando tecnolog&iacute;a avanzada y eficiencia energ&eacute;tica para transformar PANELES SOLARES en oportunidades de ahorro y sostenibilidad.","publisher":{"@id":"https:\/\/solariscoreni.com\/es_es\/#organization"},"potentialAction":[{"@type":"SearchAction","target":{"@type":"EntryPoint","urlTemplate":"https:\/\/solariscoreni.com\/es_es\/?s={search_term_string}"},"query-input":{"@type":"PropertyValueSpecification","valueRequired":true,"valueName":"search_term_string"}}],"inLanguage":"en-US"},{"@type":"Organization","@id":"https:\/\/solariscoreni.com\/es_es\/#organization","name":"SOLARISCORE SA","url":"https:\/\/solariscoreni.com\/es_es\/","logo":{"@type":"ImageObject","inLanguage":"en-US","@id":"https:\/\/solariscoreni.com\/es_es\/#\/schema\/logo\/image\/","url":"https:\/\/solariscoreni.com\/wp-content\/uploads\/2025\/03\/IMG_1304.jpeg","contentUrl":"https:\/\/solariscoreni.com\/wp-content\/uploads\/2025\/03\/IMG_1304.jpeg","width":1188,"height":1188,"caption":"SOLARISCORE SA"},"image":{"@id":"https:\/\/solariscoreni.com\/es_es\/#\/schema\/logo\/image\/"}}]}},"_links":{"self":[{"href":"https:\/\/solariscoreni.com\/en\/wp-json\/wp\/v2\/product\/387","targetHints":{"allow":["GET"]}}],"collection":[{"href":"https:\/\/solariscoreni.com\/en\/wp-json\/wp\/v2\/product"}],"about":[{"href":"https:\/\/solariscoreni.com\/en\/wp-json\/wp\/v2\/types\/product"}],"replies":[{"embeddable":true,"href":"https:\/\/solariscoreni.com\/en\/wp-json\/wp\/v2\/comments?post=387"}],"wp:featuredmedia":[{"embeddable":true,"href":"https:\/\/solariscoreni.com\/en\/wp-json\/wp\/v2\/media\/274"}],"wp:attachment":[{"href":"https:\/\/solariscoreni.com\/en\/wp-json\/wp\/v2\/media?parent=387"}],"wp:term":[{"taxonomy":"product_brand","embeddable":true,"href":"https:\/\/solariscoreni.com\/en\/wp-json\/wp\/v2\/product_brand?post=387"},{"taxonomy":"product_cat","embeddable":true,"href":"https:\/\/solariscoreni.com\/en\/wp-json\/wp\/v2\/product_cat?post=387"},{"taxonomy":"product_tag","embeddable":true,"href":"https:\/\/solariscoreni.com\/en\/wp-json\/wp\/v2\/product_tag?post=387"}],"curies":[{"name":"wp","href":"https:\/\/api.w.org\/{rel}","templated":true}]}}