{"id":389,"date":"2025-03-25T19:44:08","date_gmt":"2025-03-25T21:14:08","guid":{"rendered":"https:\/\/solariscoreni.com\/?post_type=product&#038;p=389"},"modified":"2025-05-05T14:42:25","modified_gmt":"2025-05-05T16:12:25","slug":"kit-solar-completo-585-w-bateria-1-5-kwh-inversor-500w-1kw","status":"publish","type":"product","link":"https:\/\/solariscoreni.com\/en\/product\/kit-solar-completo-585-w-bateria-1-5-kwh-inversor-500w-1kw\/","title":{"rendered":"SOLAR BOX- 1.5KW - 120 V - No Professional Installation Required"},"content":{"rendered":"<p>Solar Box 1.5 KWh \u2013 120 V<\/p>\n<p>Product Parameters<\/p>\n<p>\u2022 Maximum power of the solar panel: 585 W<\/p>\n<p>\u2022 Battery capacity: 1.5 KW<\/p>\n<p>\u2022 Maximum continuous output power (with enough sunlight): 1kW<\/p>\n<p>\u2022 Maximum continuous output power (with insufficient sunlight): 0.5kW<\/p>\n<p>\u2022 Nominal output voltage: 120 V<\/p>\n<p>\u2022 Nominal output frequency: 50Hz<\/p>\n<p>\u2022 Maximum output direct current: 9A<\/p>\n<p>\u2022 Waterproof level: IP65<\/p>\n<p>\u2022 Operating temperature range: -40\u00b0C to +65\u00b0C<\/p>\n<p>Cell Type<\/p>\n<p>\u2022 Battery type: LiFePO4 lithium battery (LFP)<\/p>\n<p>Storage temperature range<\/p>\n<p>\u2022 Short term: -20\u00b0C to 40\u00b0C (within 1 month)<\/p>\n<p>\u2022 Long term: 10\u00b0C to 35\u00b0C (within 1 year)<\/p>\n<p>Other specifications<\/p>\n<p>\u2022 Storage humidity: \u226475% HR<\/p>\n<p>\u2022 Atmospheric pressure: Below 5000 meters above sea level<\/p>\n<p>\u2022 Self-discharge (at 25\u00b0C): &lt;3% per month<\/p>\n<p>\u2022 Depth of discharge (DOD): &gt;80%<\/p>\n<p>\u2022 C-Rate: &lt;0.8C<\/p>\n<p>\u2022 Useful life cycle: &gt;6000 cycles (at &lt;0.5C)<\/p>","protected":false},"excerpt":{"rendered":"<p>Portable Solar Box based on state-of-the-art technology, comes completely ready to use. No installation required. Simply connect it and it will start working, ideal for homes, offices or power backup. Includes 585W solar panel, 1.5 kWh lithium battery and 500W\/1kW inverter. Ideal for self-consumption or energy backup systems.<\/p>\n<p>5 Years Limited Warranty.<\/p>","protected":false},"featured_media":502,"comment_status":"open","ping_status":"closed","template":"","meta":[],"product_brand":[],"product_cat":[38],"product_tag":[],"class_list":{"0":"post-389","1":"product","2":"type-product","3":"status-publish","4":"has-post-thumbnail","6":"product_cat-kit-solar-completo","8":"first","9":"instock","10":"shipping-taxable","11":"product-type-simple"},"yoast_head":"<!-- This site is optimized with the Yoast SEO plugin v27.4 - https:\/\/yoast.com\/product\/yoast-seo-wordpress\/ -->\n<title>SOLAR BOX- 1.5KW - 120 V - No Instalaci\u00f3n Profesional Requerida - SOLARISCORE SA<\/title>\n<meta name=\"robots\" content=\"index, follow, max-snippet:-1, max-image-preview:large, max-video-preview:-1\" \/>\n<link rel=\"canonical\" href=\"https:\/\/solariscoreni.com\/en\/product\/kit-solar-completo-585-w-bateria-1-5-kwh-inversor-500w-1kw\/\" \/>\n<meta property=\"og:locale\" content=\"en_US\" \/>\n<meta property=\"og:type\" content=\"article\" \/>\n<meta property=\"og:title\" content=\"SOLAR BOX- 1.5KW - 120 V - No Instalaci\u00f3n Profesional Requerida - SOLARISCORE SA\" \/>\n<meta property=\"og:description\" content=\"Solar Box port\u00e1til basada en tecnolog\u00eda de \u00faltima generaci\u00f3n, viene completamente lista para usar. No requiere instalaci\u00f3n alguna. Simplemente con\u00e9ctala y comenzar\u00e1 a funcionar, ideal para viviendas, oficinas o respaldo de energ\u00eda. Incluye panel solar de 585W, bater\u00eda de litio 1.5 kWh e inversor de 500W\/1kW. Ideal para sistemas de autoconsumo o respaldo energ\u00e9tico.  Garant\u00eda Limitada 5 A\u00f1os.\" \/>\n<meta property=\"og:url\" content=\"https:\/\/solariscoreni.com\/en\/product\/kit-solar-completo-585-w-bateria-1-5-kwh-inversor-500w-1kw\/\" \/>\n<meta property=\"og:site_name\" content=\"SOLARISCORE SA\" \/>\n<meta property=\"article:modified_time\" content=\"2025-05-05T16:12:25+00:00\" \/>\n<meta property=\"og:image\" content=\"https:\/\/solariscoreni.com\/wp-content\/uploads\/2025\/03\/Untitled-design-1.jpeg\" \/>\n\t<meta property=\"og:image:width\" content=\"1080\" \/>\n\t<meta property=\"og:image:height\" content=\"1920\" \/>\n\t<meta property=\"og:image:type\" content=\"image\/jpeg\" \/>\n<meta name=\"twitter:card\" content=\"summary_large_image\" \/>\n<meta name=\"twitter:label1\" content=\"Est. reading time\" \/>\n\t<meta name=\"twitter:data1\" content=\"1 minute\" \/>\n<script type=\"application\/ld+json\" class=\"yoast-schema-graph\">{\"@context\":\"https:\\\/\\\/schema.org\",\"@graph\":[{\"@type\":\"WebPage\",\"@id\":\"https:\\\/\\\/solariscoreni.com\\\/es_es\\\/producto\\\/kit-solar-completo-585-w-bateria-1-5-kwh-inversor-500w-1kw\\\/\",\"url\":\"https:\\\/\\\/solariscoreni.com\\\/es_es\\\/producto\\\/kit-solar-completo-585-w-bateria-1-5-kwh-inversor-500w-1kw\\\/\",\"name\":\"SOLAR BOX- 1.5KW - 120 V - No Instalaci\u00f3n Profesional Requerida - SOLARISCORE SA\",\"isPartOf\":{\"@id\":\"https:\\\/\\\/solariscoreni.com\\\/es_es\\\/#website\"},\"primaryImageOfPage\":{\"@id\":\"https:\\\/\\\/solariscoreni.com\\\/es_es\\\/producto\\\/kit-solar-completo-585-w-bateria-1-5-kwh-inversor-500w-1kw\\\/#primaryimage\"},\"image\":{\"@id\":\"https:\\\/\\\/solariscoreni.com\\\/es_es\\\/producto\\\/kit-solar-completo-585-w-bateria-1-5-kwh-inversor-500w-1kw\\\/#primaryimage\"},\"thumbnailUrl\":\"https:\\\/\\\/solariscoreni.com\\\/wp-content\\\/uploads\\\/2025\\\/03\\\/Untitled-design-1.jpeg\",\"datePublished\":\"2025-03-25T21:14:08+00:00\",\"dateModified\":\"2025-05-05T16:12:25+00:00\",\"breadcrumb\":{\"@id\":\"https:\\\/\\\/solariscoreni.com\\\/es_es\\\/producto\\\/kit-solar-completo-585-w-bateria-1-5-kwh-inversor-500w-1kw\\\/#breadcrumb\"},\"inLanguage\":\"en-US\",\"potentialAction\":[{\"@type\":\"ReadAction\",\"target\":[\"https:\\\/\\\/solariscoreni.com\\\/es_es\\\/producto\\\/kit-solar-completo-585-w-bateria-1-5-kwh-inversor-500w-1kw\\\/\"]}]},{\"@type\":\"ImageObject\",\"inLanguage\":\"en-US\",\"@id\":\"https:\\\/\\\/solariscoreni.com\\\/es_es\\\/producto\\\/kit-solar-completo-585-w-bateria-1-5-kwh-inversor-500w-1kw\\\/#primaryimage\",\"url\":\"https:\\\/\\\/solariscoreni.com\\\/wp-content\\\/uploads\\\/2025\\\/03\\\/Untitled-design-1.jpeg\",\"contentUrl\":\"https:\\\/\\\/solariscoreni.com\\\/wp-content\\\/uploads\\\/2025\\\/03\\\/Untitled-design-1.jpeg\",\"width\":1080,\"height\":1920},{\"@type\":\"BreadcrumbList\",\"@id\":\"https:\\\/\\\/solariscoreni.com\\\/es_es\\\/producto\\\/kit-solar-completo-585-w-bateria-1-5-kwh-inversor-500w-1kw\\\/#breadcrumb\",\"itemListElement\":[{\"@type\":\"ListItem\",\"position\":1,\"name\":\"Portada\",\"item\":\"https:\\\/\\\/solariscoreni.com\\\/es_es\\\/\"},{\"@type\":\"ListItem\",\"position\":2,\"name\":\"Cat\u00e1logo\",\"item\":\"https:\\\/\\\/solariscoreni.com\\\/es_es\\\/catalogo\\\/\"},{\"@type\":\"ListItem\",\"position\":3,\"name\":\"SOLAR BOX- 1.5KW &#8211; 120 V &#8211; No Instalaci\u00f3n Profesional Requerida\"}]},{\"@type\":\"WebSite\",\"@id\":\"https:\\\/\\\/solariscoreni.com\\\/es_es\\\/#website\",\"url\":\"https:\\\/\\\/solariscoreni.com\\\/es_es\\\/\",\"name\":\"SOLARISCORE SA\",\"description\":\"SOLARISCORE ofrece soluciones integrales en ENERG&Iacute;A SOLAR, combinando tecnolog&iacute;a avanzada y eficiencia energ&eacute;tica para transformar PANELES SOLARES en oportunidades de ahorro y sostenibilidad.\",\"publisher\":{\"@id\":\"https:\\\/\\\/solariscoreni.com\\\/es_es\\\/#organization\"},\"potentialAction\":[{\"@type\":\"SearchAction\",\"target\":{\"@type\":\"EntryPoint\",\"urlTemplate\":\"https:\\\/\\\/solariscoreni.com\\\/es_es\\\/?s={search_term_string}\"},\"query-input\":{\"@type\":\"PropertyValueSpecification\",\"valueRequired\":true,\"valueName\":\"search_term_string\"}}],\"inLanguage\":\"en-US\"},{\"@type\":\"Organization\",\"@id\":\"https:\\\/\\\/solariscoreni.com\\\/es_es\\\/#organization\",\"name\":\"SOLARISCORE SA\",\"url\":\"https:\\\/\\\/solariscoreni.com\\\/es_es\\\/\",\"logo\":{\"@type\":\"ImageObject\",\"inLanguage\":\"en-US\",\"@id\":\"https:\\\/\\\/solariscoreni.com\\\/es_es\\\/#\\\/schema\\\/logo\\\/image\\\/\",\"url\":\"https:\\\/\\\/solariscoreni.com\\\/wp-content\\\/uploads\\\/2025\\\/03\\\/IMG_1304.jpeg\",\"contentUrl\":\"https:\\\/\\\/solariscoreni.com\\\/wp-content\\\/uploads\\\/2025\\\/03\\\/IMG_1304.jpeg\",\"width\":1188,\"height\":1188,\"caption\":\"SOLARISCORE SA\"},\"image\":{\"@id\":\"https:\\\/\\\/solariscoreni.com\\\/es_es\\\/#\\\/schema\\\/logo\\\/image\\\/\"}}]}<\/script>\n<!-- \/ Yoast SEO plugin. -->","yoast_head_json":{"title":"SOLAR BOX- 1.5KW - 120 V - No Instalaci\u00f3n Profesional Requerida - SOLARISCORE SA","robots":{"index":"index","follow":"follow","max-snippet":"max-snippet:-1","max-image-preview":"max-image-preview:large","max-video-preview":"max-video-preview:-1"},"canonical":"https:\/\/solariscoreni.com\/en\/product\/kit-solar-completo-585-w-bateria-1-5-kwh-inversor-500w-1kw\/","og_locale":"en_US","og_type":"article","og_title":"SOLAR BOX- 1.5KW - 120 V - No Instalaci\u00f3n Profesional Requerida - SOLARISCORE SA","og_description":"Solar Box port\u00e1til basada en tecnolog\u00eda de \u00faltima generaci\u00f3n, viene completamente lista para usar. No requiere instalaci\u00f3n alguna. Simplemente con\u00e9ctala y comenzar\u00e1 a funcionar, ideal para viviendas, oficinas o respaldo de energ\u00eda. Incluye panel solar de 585W, bater\u00eda de litio 1.5 kWh e inversor de 500W\/1kW. Ideal para sistemas de autoconsumo o respaldo energ\u00e9tico.  Garant\u00eda Limitada 5 A\u00f1os.","og_url":"https:\/\/solariscoreni.com\/en\/product\/kit-solar-completo-585-w-bateria-1-5-kwh-inversor-500w-1kw\/","og_site_name":"SOLARISCORE SA","article_modified_time":"2025-05-05T16:12:25+00:00","og_image":[{"width":1080,"height":1920,"url":"https:\/\/solariscoreni.com\/wp-content\/uploads\/2025\/03\/Untitled-design-1.jpeg","type":"image\/jpeg"}],"twitter_card":"summary_large_image","twitter_misc":{"Est. reading time":"1 minute"},"schema":{"@context":"https:\/\/schema.org","@graph":[{"@type":"WebPage","@id":"https:\/\/solariscoreni.com\/es_es\/producto\/kit-solar-completo-585-w-bateria-1-5-kwh-inversor-500w-1kw\/","url":"https:\/\/solariscoreni.com\/es_es\/producto\/kit-solar-completo-585-w-bateria-1-5-kwh-inversor-500w-1kw\/","name":"SOLAR BOX- 1.5KW - 120 V - No Instalaci\u00f3n Profesional Requerida - SOLARISCORE SA","isPartOf":{"@id":"https:\/\/solariscoreni.com\/es_es\/#website"},"primaryImageOfPage":{"@id":"https:\/\/solariscoreni.com\/es_es\/producto\/kit-solar-completo-585-w-bateria-1-5-kwh-inversor-500w-1kw\/#primaryimage"},"image":{"@id":"https:\/\/solariscoreni.com\/es_es\/producto\/kit-solar-completo-585-w-bateria-1-5-kwh-inversor-500w-1kw\/#primaryimage"},"thumbnailUrl":"https:\/\/solariscoreni.com\/wp-content\/uploads\/2025\/03\/Untitled-design-1.jpeg","datePublished":"2025-03-25T21:14:08+00:00","dateModified":"2025-05-05T16:12:25+00:00","breadcrumb":{"@id":"https:\/\/solariscoreni.com\/es_es\/producto\/kit-solar-completo-585-w-bateria-1-5-kwh-inversor-500w-1kw\/#breadcrumb"},"inLanguage":"en-US","potentialAction":[{"@type":"ReadAction","target":["https:\/\/solariscoreni.com\/es_es\/producto\/kit-solar-completo-585-w-bateria-1-5-kwh-inversor-500w-1kw\/"]}]},{"@type":"ImageObject","inLanguage":"en-US","@id":"https:\/\/solariscoreni.com\/es_es\/producto\/kit-solar-completo-585-w-bateria-1-5-kwh-inversor-500w-1kw\/#primaryimage","url":"https:\/\/solariscoreni.com\/wp-content\/uploads\/2025\/03\/Untitled-design-1.jpeg","contentUrl":"https:\/\/solariscoreni.com\/wp-content\/uploads\/2025\/03\/Untitled-design-1.jpeg","width":1080,"height":1920},{"@type":"BreadcrumbList","@id":"https:\/\/solariscoreni.com\/es_es\/producto\/kit-solar-completo-585-w-bateria-1-5-kwh-inversor-500w-1kw\/#breadcrumb","itemListElement":[{"@type":"ListItem","position":1,"name":"Portada","item":"https:\/\/solariscoreni.com\/es_es\/"},{"@type":"ListItem","position":2,"name":"Cat\u00e1logo","item":"https:\/\/solariscoreni.com\/es_es\/catalogo\/"},{"@type":"ListItem","position":3,"name":"SOLAR BOX- 1.5KW &#8211; 120 V &#8211; No Instalaci\u00f3n Profesional Requerida"}]},{"@type":"WebSite","@id":"https:\/\/solariscoreni.com\/es_es\/#website","url":"https:\/\/solariscoreni.com\/es_es\/","name":"SOLARISCORE SA","description":"SOLARISCORE ofrece soluciones integrales en ENERG&Iacute;A SOLAR, combinando tecnolog&iacute;a avanzada y eficiencia energ&eacute;tica para transformar PANELES SOLARES en oportunidades de ahorro y sostenibilidad.","publisher":{"@id":"https:\/\/solariscoreni.com\/es_es\/#organization"},"potentialAction":[{"@type":"SearchAction","target":{"@type":"EntryPoint","urlTemplate":"https:\/\/solariscoreni.com\/es_es\/?s={search_term_string}"},"query-input":{"@type":"PropertyValueSpecification","valueRequired":true,"valueName":"search_term_string"}}],"inLanguage":"en-US"},{"@type":"Organization","@id":"https:\/\/solariscoreni.com\/es_es\/#organization","name":"SOLARISCORE SA","url":"https:\/\/solariscoreni.com\/es_es\/","logo":{"@type":"ImageObject","inLanguage":"en-US","@id":"https:\/\/solariscoreni.com\/es_es\/#\/schema\/logo\/image\/","url":"https:\/\/solariscoreni.com\/wp-content\/uploads\/2025\/03\/IMG_1304.jpeg","contentUrl":"https:\/\/solariscoreni.com\/wp-content\/uploads\/2025\/03\/IMG_1304.jpeg","width":1188,"height":1188,"caption":"SOLARISCORE SA"},"image":{"@id":"https:\/\/solariscoreni.com\/es_es\/#\/schema\/logo\/image\/"}}]}},"_links":{"self":[{"href":"https:\/\/solariscoreni.com\/en\/wp-json\/wp\/v2\/product\/389","targetHints":{"allow":["GET"]}}],"collection":[{"href":"https:\/\/solariscoreni.com\/en\/wp-json\/wp\/v2\/product"}],"about":[{"href":"https:\/\/solariscoreni.com\/en\/wp-json\/wp\/v2\/types\/product"}],"replies":[{"embeddable":true,"href":"https:\/\/solariscoreni.com\/en\/wp-json\/wp\/v2\/comments?post=389"}],"wp:featuredmedia":[{"embeddable":true,"href":"https:\/\/solariscoreni.com\/en\/wp-json\/wp\/v2\/media\/502"}],"wp:attachment":[{"href":"https:\/\/solariscoreni.com\/en\/wp-json\/wp\/v2\/media?parent=389"}],"wp:term":[{"taxonomy":"product_brand","embeddable":true,"href":"https:\/\/solariscoreni.com\/en\/wp-json\/wp\/v2\/product_brand?post=389"},{"taxonomy":"product_cat","embeddable":true,"href":"https:\/\/solariscoreni.com\/en\/wp-json\/wp\/v2\/product_cat?post=389"},{"taxonomy":"product_tag","embeddable":true,"href":"https:\/\/solariscoreni.com\/en\/wp-json\/wp\/v2\/product_tag?post=389"}],"curies":[{"name":"wp","href":"https:\/\/api.w.org\/{rel}","templated":true}]}}