{"id":495,"date":"2025-04-08T17:22:56","date_gmt":"2025-04-08T18:52:56","guid":{"rendered":"https:\/\/solariscoreni.com\/?post_type=product&#038;p=495"},"modified":"2025-04-08T17:31:38","modified_gmt":"2025-04-08T19:01:38","slug":"tubo-termorretractil-para-cables-aislante-y-protector-electrico","status":"publish","type":"product","link":"https:\/\/solariscoreni.com\/en\/product\/tubo-termorretractil-para-cables-aislante-y-protector-electrico\/","title":{"rendered":"Heat-shrinkable Tube for Cables - Electrical Insulator and Protector"},"content":{"rendered":"<p>It is the perfect solution for wiring organization, electrical repairs and security in both industrial and domestic installations. Available in various colors to facilitate the identification of cables.<\/p>","protected":false},"excerpt":{"rendered":"<p>The heat-shrinkable tube is a flexible and retractable plastic tube, ideal for insulating, protecting and sealing cables, wires and electrical connectors. When applied heat, this tube contracts tightly fitting to the material it covers, providing a layer resistant to moisture, abrasion and other environmental factors.<\/p>","protected":false},"featured_media":497,"comment_status":"open","ping_status":"closed","template":"","meta":[],"product_brand":[],"product_cat":[45],"product_tag":[],"class_list":{"0":"post-495","1":"product","2":"type-product","3":"status-publish","4":"has-post-thumbnail","6":"product_cat-tubo-termorretractil-para-cables","8":"first","9":"instock","10":"shipping-taxable","11":"product-type-simple"},"yoast_head":"<!-- This site is optimized with the Yoast SEO plugin v27.4 - https:\/\/yoast.com\/product\/yoast-seo-wordpress\/ -->\n<title>Tubo Termorretr\u00e1ctil para Cables - Aislante y Protector El\u00e9ctrico - SOLARISCORE SA<\/title>\n<meta name=\"robots\" content=\"index, follow, max-snippet:-1, max-image-preview:large, max-video-preview:-1\" \/>\n<link rel=\"canonical\" href=\"https:\/\/solariscoreni.com\/en\/product\/tubo-termorretractil-para-cables-aislante-y-protector-electrico\/\" \/>\n<meta property=\"og:locale\" content=\"en_US\" \/>\n<meta property=\"og:type\" content=\"article\" \/>\n<meta property=\"og:title\" content=\"Tubo Termorretr\u00e1ctil para Cables - Aislante y Protector El\u00e9ctrico - SOLARISCORE SA\" \/>\n<meta property=\"og:description\" content=\"El tubo termorretr\u00e1ctil es un tubo pl\u00e1stico flexible y retr\u00e1ctil, ideal para aislar, proteger y sellar cables, alambres y conectores el\u00e9ctricos. Al aplicarle calor, este tubo se contrae ajust\u00e1ndose firmemente al material que recubre, proporcionando una capa resistente a la humedad, la abrasi\u00f3n y otros factores ambientales.\" \/>\n<meta property=\"og:url\" content=\"https:\/\/solariscoreni.com\/en\/product\/tubo-termorretractil-para-cables-aislante-y-protector-electrico\/\" \/>\n<meta property=\"og:site_name\" content=\"SOLARISCORE SA\" \/>\n<meta property=\"article:modified_time\" content=\"2025-04-08T19:01:38+00:00\" \/>\n<meta property=\"og:image\" content=\"https:\/\/solariscoreni.com\/wp-content\/uploads\/2025\/04\/IMG_1696.png\" \/>\n\t<meta property=\"og:image:width\" content=\"1024\" \/>\n\t<meta property=\"og:image:height\" content=\"1024\" \/>\n\t<meta property=\"og:image:type\" content=\"image\/png\" \/>\n<meta name=\"twitter:card\" content=\"summary_large_image\" \/>\n<meta name=\"twitter:label1\" content=\"Est. reading time\" \/>\n\t<meta name=\"twitter:data1\" content=\"1 minute\" \/>\n<script type=\"application\/ld+json\" class=\"yoast-schema-graph\">{\"@context\":\"https:\\\/\\\/schema.org\",\"@graph\":[{\"@type\":\"WebPage\",\"@id\":\"https:\\\/\\\/solariscoreni.com\\\/en\\\/product\\\/tubo-termorretractil-para-cables-aislante-y-protector-electrico\\\/\",\"url\":\"https:\\\/\\\/solariscoreni.com\\\/en\\\/product\\\/tubo-termorretractil-para-cables-aislante-y-protector-electrico\\\/\",\"name\":\"Tubo Termorretr\u00e1ctil para Cables - Aislante y Protector El\u00e9ctrico - SOLARISCORE SA\",\"isPartOf\":{\"@id\":\"https:\\\/\\\/solariscoreni.com\\\/es_es\\\/#website\"},\"primaryImageOfPage\":{\"@id\":\"https:\\\/\\\/solariscoreni.com\\\/en\\\/product\\\/tubo-termorretractil-para-cables-aislante-y-protector-electrico\\\/#primaryimage\"},\"image\":{\"@id\":\"https:\\\/\\\/solariscoreni.com\\\/en\\\/product\\\/tubo-termorretractil-para-cables-aislante-y-protector-electrico\\\/#primaryimage\"},\"thumbnailUrl\":\"https:\\\/\\\/solariscoreni.com\\\/wp-content\\\/uploads\\\/2025\\\/04\\\/IMG_1696.png\",\"datePublished\":\"2025-04-08T18:52:56+00:00\",\"dateModified\":\"2025-04-08T19:01:38+00:00\",\"breadcrumb\":{\"@id\":\"https:\\\/\\\/solariscoreni.com\\\/en\\\/product\\\/tubo-termorretractil-para-cables-aislante-y-protector-electrico\\\/#breadcrumb\"},\"inLanguage\":\"en-US\",\"potentialAction\":[{\"@type\":\"ReadAction\",\"target\":[\"https:\\\/\\\/solariscoreni.com\\\/en\\\/product\\\/tubo-termorretractil-para-cables-aislante-y-protector-electrico\\\/\"]}]},{\"@type\":\"ImageObject\",\"inLanguage\":\"en-US\",\"@id\":\"https:\\\/\\\/solariscoreni.com\\\/en\\\/product\\\/tubo-termorretractil-para-cables-aislante-y-protector-electrico\\\/#primaryimage\",\"url\":\"https:\\\/\\\/solariscoreni.com\\\/wp-content\\\/uploads\\\/2025\\\/04\\\/IMG_1696.png\",\"contentUrl\":\"https:\\\/\\\/solariscoreni.com\\\/wp-content\\\/uploads\\\/2025\\\/04\\\/IMG_1696.png\",\"width\":1024,\"height\":1024},{\"@type\":\"BreadcrumbList\",\"@id\":\"https:\\\/\\\/solariscoreni.com\\\/en\\\/product\\\/tubo-termorretractil-para-cables-aislante-y-protector-electrico\\\/#breadcrumb\",\"itemListElement\":[{\"@type\":\"ListItem\",\"position\":1,\"name\":\"Portada\",\"item\":\"https:\\\/\\\/solariscoreni.com\\\/es_es\\\/\"},{\"@type\":\"ListItem\",\"position\":2,\"name\":\"Cat\u00e1logo\",\"item\":\"https:\\\/\\\/solariscoreni.com\\\/es_es\\\/catalogo\\\/\"},{\"@type\":\"ListItem\",\"position\":3,\"name\":\"Tubo Termorretr\u00e1ctil para Cables &#8211; Aislante y Protector El\u00e9ctrico\"}]},{\"@type\":\"WebSite\",\"@id\":\"https:\\\/\\\/solariscoreni.com\\\/es_es\\\/#website\",\"url\":\"https:\\\/\\\/solariscoreni.com\\\/es_es\\\/\",\"name\":\"SOLARISCORE SA\",\"description\":\"SOLARISCORE ofrece soluciones integrales en ENERG&Iacute;A SOLAR, combinando tecnolog&iacute;a avanzada y eficiencia energ&eacute;tica para transformar PANELES SOLARES en oportunidades de ahorro y sostenibilidad.\",\"publisher\":{\"@id\":\"https:\\\/\\\/solariscoreni.com\\\/es_es\\\/#organization\"},\"potentialAction\":[{\"@type\":\"SearchAction\",\"target\":{\"@type\":\"EntryPoint\",\"urlTemplate\":\"https:\\\/\\\/solariscoreni.com\\\/es_es\\\/?s={search_term_string}\"},\"query-input\":{\"@type\":\"PropertyValueSpecification\",\"valueRequired\":true,\"valueName\":\"search_term_string\"}}],\"inLanguage\":\"en-US\"},{\"@type\":\"Organization\",\"@id\":\"https:\\\/\\\/solariscoreni.com\\\/es_es\\\/#organization\",\"name\":\"SOLARISCORE SA\",\"url\":\"https:\\\/\\\/solariscoreni.com\\\/es_es\\\/\",\"logo\":{\"@type\":\"ImageObject\",\"inLanguage\":\"en-US\",\"@id\":\"https:\\\/\\\/solariscoreni.com\\\/es_es\\\/#\\\/schema\\\/logo\\\/image\\\/\",\"url\":\"https:\\\/\\\/solariscoreni.com\\\/wp-content\\\/uploads\\\/2025\\\/03\\\/IMG_1304.jpeg\",\"contentUrl\":\"https:\\\/\\\/solariscoreni.com\\\/wp-content\\\/uploads\\\/2025\\\/03\\\/IMG_1304.jpeg\",\"width\":1188,\"height\":1188,\"caption\":\"SOLARISCORE SA\"},\"image\":{\"@id\":\"https:\\\/\\\/solariscoreni.com\\\/es_es\\\/#\\\/schema\\\/logo\\\/image\\\/\"}}]}<\/script>\n<!-- \/ Yoast SEO plugin. -->","yoast_head_json":{"title":"Tubo Termorretr\u00e1ctil para Cables - Aislante y Protector El\u00e9ctrico - SOLARISCORE SA","robots":{"index":"index","follow":"follow","max-snippet":"max-snippet:-1","max-image-preview":"max-image-preview:large","max-video-preview":"max-video-preview:-1"},"canonical":"https:\/\/solariscoreni.com\/en\/product\/tubo-termorretractil-para-cables-aislante-y-protector-electrico\/","og_locale":"en_US","og_type":"article","og_title":"Tubo Termorretr\u00e1ctil para Cables - Aislante y Protector El\u00e9ctrico - SOLARISCORE SA","og_description":"El tubo termorretr\u00e1ctil es un tubo pl\u00e1stico flexible y retr\u00e1ctil, ideal para aislar, proteger y sellar cables, alambres y conectores el\u00e9ctricos. Al aplicarle calor, este tubo se contrae ajust\u00e1ndose firmemente al material que recubre, proporcionando una capa resistente a la humedad, la abrasi\u00f3n y otros factores ambientales.","og_url":"https:\/\/solariscoreni.com\/en\/product\/tubo-termorretractil-para-cables-aislante-y-protector-electrico\/","og_site_name":"SOLARISCORE SA","article_modified_time":"2025-04-08T19:01:38+00:00","og_image":[{"url":"https:\/\/solariscoreni.com\/wp-content\/uploads\/2025\/04\/IMG_1696.png","width":1024,"height":1024,"type":"image\/png"}],"twitter_card":"summary_large_image","twitter_misc":{"Est. reading time":"1 minute"},"schema":{"@context":"https:\/\/schema.org","@graph":[{"@type":"WebPage","@id":"https:\/\/solariscoreni.com\/en\/product\/tubo-termorretractil-para-cables-aislante-y-protector-electrico\/","url":"https:\/\/solariscoreni.com\/en\/product\/tubo-termorretractil-para-cables-aislante-y-protector-electrico\/","name":"Tubo Termorretr\u00e1ctil para Cables - Aislante y Protector El\u00e9ctrico - SOLARISCORE SA","isPartOf":{"@id":"https:\/\/solariscoreni.com\/es_es\/#website"},"primaryImageOfPage":{"@id":"https:\/\/solariscoreni.com\/en\/product\/tubo-termorretractil-para-cables-aislante-y-protector-electrico\/#primaryimage"},"image":{"@id":"https:\/\/solariscoreni.com\/en\/product\/tubo-termorretractil-para-cables-aislante-y-protector-electrico\/#primaryimage"},"thumbnailUrl":"https:\/\/solariscoreni.com\/wp-content\/uploads\/2025\/04\/IMG_1696.png","datePublished":"2025-04-08T18:52:56+00:00","dateModified":"2025-04-08T19:01:38+00:00","breadcrumb":{"@id":"https:\/\/solariscoreni.com\/en\/product\/tubo-termorretractil-para-cables-aislante-y-protector-electrico\/#breadcrumb"},"inLanguage":"en-US","potentialAction":[{"@type":"ReadAction","target":["https:\/\/solariscoreni.com\/en\/product\/tubo-termorretractil-para-cables-aislante-y-protector-electrico\/"]}]},{"@type":"ImageObject","inLanguage":"en-US","@id":"https:\/\/solariscoreni.com\/en\/product\/tubo-termorretractil-para-cables-aislante-y-protector-electrico\/#primaryimage","url":"https:\/\/solariscoreni.com\/wp-content\/uploads\/2025\/04\/IMG_1696.png","contentUrl":"https:\/\/solariscoreni.com\/wp-content\/uploads\/2025\/04\/IMG_1696.png","width":1024,"height":1024},{"@type":"BreadcrumbList","@id":"https:\/\/solariscoreni.com\/en\/product\/tubo-termorretractil-para-cables-aislante-y-protector-electrico\/#breadcrumb","itemListElement":[{"@type":"ListItem","position":1,"name":"Portada","item":"https:\/\/solariscoreni.com\/es_es\/"},{"@type":"ListItem","position":2,"name":"Cat\u00e1logo","item":"https:\/\/solariscoreni.com\/es_es\/catalogo\/"},{"@type":"ListItem","position":3,"name":"Tubo Termorretr\u00e1ctil para Cables &#8211; Aislante y Protector El\u00e9ctrico"}]},{"@type":"WebSite","@id":"https:\/\/solariscoreni.com\/es_es\/#website","url":"https:\/\/solariscoreni.com\/es_es\/","name":"SOLARISCORE SA","description":"SOLARISCORE ofrece soluciones integrales en ENERG&Iacute;A SOLAR, combinando tecnolog&iacute;a avanzada y eficiencia energ&eacute;tica para transformar PANELES SOLARES en oportunidades de ahorro y sostenibilidad.","publisher":{"@id":"https:\/\/solariscoreni.com\/es_es\/#organization"},"potentialAction":[{"@type":"SearchAction","target":{"@type":"EntryPoint","urlTemplate":"https:\/\/solariscoreni.com\/es_es\/?s={search_term_string}"},"query-input":{"@type":"PropertyValueSpecification","valueRequired":true,"valueName":"search_term_string"}}],"inLanguage":"en-US"},{"@type":"Organization","@id":"https:\/\/solariscoreni.com\/es_es\/#organization","name":"SOLARISCORE SA","url":"https:\/\/solariscoreni.com\/es_es\/","logo":{"@type":"ImageObject","inLanguage":"en-US","@id":"https:\/\/solariscoreni.com\/es_es\/#\/schema\/logo\/image\/","url":"https:\/\/solariscoreni.com\/wp-content\/uploads\/2025\/03\/IMG_1304.jpeg","contentUrl":"https:\/\/solariscoreni.com\/wp-content\/uploads\/2025\/03\/IMG_1304.jpeg","width":1188,"height":1188,"caption":"SOLARISCORE SA"},"image":{"@id":"https:\/\/solariscoreni.com\/es_es\/#\/schema\/logo\/image\/"}}]}},"_links":{"self":[{"href":"https:\/\/solariscoreni.com\/en\/wp-json\/wp\/v2\/product\/495","targetHints":{"allow":["GET"]}}],"collection":[{"href":"https:\/\/solariscoreni.com\/en\/wp-json\/wp\/v2\/product"}],"about":[{"href":"https:\/\/solariscoreni.com\/en\/wp-json\/wp\/v2\/types\/product"}],"replies":[{"embeddable":true,"href":"https:\/\/solariscoreni.com\/en\/wp-json\/wp\/v2\/comments?post=495"}],"wp:featuredmedia":[{"embeddable":true,"href":"https:\/\/solariscoreni.com\/en\/wp-json\/wp\/v2\/media\/497"}],"wp:attachment":[{"href":"https:\/\/solariscoreni.com\/en\/wp-json\/wp\/v2\/media?parent=495"}],"wp:term":[{"taxonomy":"product_brand","embeddable":true,"href":"https:\/\/solariscoreni.com\/en\/wp-json\/wp\/v2\/product_brand?post=495"},{"taxonomy":"product_cat","embeddable":true,"href":"https:\/\/solariscoreni.com\/en\/wp-json\/wp\/v2\/product_cat?post=495"},{"taxonomy":"product_tag","embeddable":true,"href":"https:\/\/solariscoreni.com\/en\/wp-json\/wp\/v2\/product_tag?post=495"}],"curies":[{"name":"wp","href":"https:\/\/api.w.org\/{rel}","templated":true}]}}