{"id":28,"date":"2025-03-13T18:22:47","date_gmt":"2025-03-13T19:52:47","guid":{"rendered":"https:\/\/solariscoreni.com\/?page_id=28"},"modified":"2025-04-04T17:22:36","modified_gmt":"2025-04-04T18:52:36","slug":"en-solariscore-creemos-en-la-transformacion-del-presente-a-traves-de-la-energia-limpia-y-sostenible-nuestro-compromiso-es-impulsar-soluciones-innovadoras-en-el-sector-solar-que-permitan-a-empresas-y","status":"publish","type":"page","link":"https:\/\/solariscoreni.com\/es_es\/en-solariscore-creemos-en-la-transformacion-del-presente-a-traves-de-la-energia-limpia-y-sostenible-nuestro-compromiso-es-impulsar-soluciones-innovadoras-en-el-sector-solar-que-permitan-a-empresas-y\/","title":{"rendered":"Proveedores de Equipos Solares y Asesor\u00edas Energ\u00e9ticas."},"content":{"rendered":"\n<figure class=\"wp-block-image size-large\"><img loading=\"lazy\" decoding=\"async\" width=\"1024\" height=\"576\" src=\"https:\/\/solariscoreni.com\/wp-content\/uploads\/2025\/03\/IMG_0298-1024x576.jpeg\" alt=\"\" class=\"wp-image-250\" srcset=\"https:\/\/solariscoreni.com\/wp-content\/uploads\/2025\/03\/IMG_0298-1024x576.jpeg 1024w, https:\/\/solariscoreni.com\/wp-content\/uploads\/2025\/03\/IMG_0298-300x169.jpeg 300w, https:\/\/solariscoreni.com\/wp-content\/uploads\/2025\/03\/IMG_0298-768x432.jpeg 768w, https:\/\/solariscoreni.com\/wp-content\/uploads\/2025\/03\/IMG_0298-1536x864.jpeg 1536w, https:\/\/solariscoreni.com\/wp-content\/uploads\/2025\/03\/IMG_0298.jpeg 1920w\" sizes=\"auto, (max-width: 1024px) 100vw, 1024px\" \/><\/figure>\n\n\n\n<h1 class=\"wp-block-heading\"><mark style=\"background-color:rgba(0, 0, 0, 0);color:#ff7a00\" class=\"has-inline-color\">EN SOLARISCORE S.A. OFRECEMOS SOLUCIONES SOLARES F\u00c1CILES Y ASEQUIBLES<\/mark><\/h1>\n\n\n\n<h1 class=\"wp-block-heading\"><mark style=\"background-color:rgba(0, 0, 0, 0)\" class=\"has-inline-color has-accent-color\">\u00bfQui\u00e9nes Somos en SOLARISCORE?<\/mark><\/h1>\n\n\n\n<p>En SOLARISCORE S.A., somos proveedores de equipos de energ\u00eda solar de ultima generaci\u00f3n, ofrecemos soluciones solares f\u00e1ciles y asequibles. En SOLARISCORE S.A. nos enorgullece ser el proveedor exclusivo en Nicaragua de la innovadora <a href=\"https:\/\/solariscoreni.com\/producto\/kit-solar-completo-585-w-bateria-1-5-kwh-inversor-500w-1kw\/\">Solar Box 1.5 KW<\/a> &#8211; 120 V una soluci\u00f3n solar port\u00e1til dise\u00f1ada especialmente para zonas rurales, comunidades remotas y lugares fuera de la red el\u00e9ctrica (off-grid) que requieren una fuente de energ\u00eda confiable, sostenible y f\u00e1cil de usar. Somos una empresa especializada en la venta de <strong>paneles solares<\/strong>, <strong>bater\u00edas solares<\/strong>, <strong>inversores<\/strong> y otros equipos esenciales para la generaci\u00f3n y almacenamiento de energ\u00eda limpia. Nuestro objetivo es impulsar el uso de energ\u00edas renovables mediante productos innovadores de vanguardia y un servicio excepcional, garantizando la mejor tecnolog\u00eda y rendimiento para hogares, empresas e industrias. Adem\u00e1s, somos proveedores de confianza para Ferreter\u00edas en todo Nicaragua y compa\u00f1\u00edas dedicadas a la Instalaci\u00f3n de Sistemas Solares.<br>En SOLARISCORE S.A., trabajamos con los mejores fabricantes del sector para asegurar soluciones confiables y de alto desempe\u00f1o, contribuyendo al desarrollo de un futuro m\u00e1s sostenibles , somos una empresa comprometida con el medio ambiente y la innovaci\u00f3n tecnol\u00f3gica.Nuestra pasi\u00f3n por la energ\u00eda solar nos impulsa a ofrecer soluciones que se adaptan a las necesidades de cada cliente.<\/p>\n\n\n\n<h2 class=\"wp-block-heading\">Nuestra Misi\u00f3n y Visi\u00f3n<\/h2>\n\n\n\n<h2 class=\"wp-block-heading\"><mark style=\"background-color:rgba(0, 0, 0, 0)\" class=\"has-inline-color has-accent-color\">Nuestra<\/mark> <mark style=\"background-color:rgba(0, 0, 0, 0)\" class=\"has-inline-color has-accent-color\">Misi\u00f3n<\/mark><\/h2>\n\n\n\n<p>Nuestra misi\u00f3n es liderar la transici\u00f3n hacia un futuro energ\u00e9tico m\u00e1s limpio, brindando asesor\u00eda, Equipos de alta calidad en el campo de la energ\u00eda solar. Creemos que la innovaci\u00f3n y la responsabilidad ambiental son fundamentales para construir un mundo mejor para las futuras generaciones.<\/p>\n\n\n\n<h2 class=\"wp-block-heading\"><mark style=\"background-color:rgba(0, 0, 0, 0)\" class=\"has-inline-color has-accent-color\">Nuestra<\/mark> <mark style=\"background-color:rgba(0, 0, 0, 0)\" class=\"has-inline-color has-accent-color\">Visi\u00f3n<\/mark><\/h2>\n\n\n\n<p>En SOLARISCORE S.A. visualizamos un futuro donde la energ\u00eda solar sea el pilar del desarrollo energ\u00e9tico sostenible en Nicaragua. Nos proyectamos como l\u00edderes en la provisi\u00f3n de equipos solares de alta calidad \u2014paneles solares, bater\u00edas e inversores\u2014 ofreciendo soluciones confiables, innovadoras y accesibles que impulsen la transici\u00f3n energ\u00e9tica. Queremos empoderar a hogares , empresas, instituciones  a adoptar tecnolog\u00edas limpias. <\/p>\n\n\n\n<h2 class=\"wp-block-heading\"><mark style=\"background-color:rgba(0, 0, 0, 0)\" class=\"has-inline-color has-accent-color\">Innovaci\u00f3n y Tecnolog\u00eda<\/mark><\/h2>\n\n\n\n<p>En SOLARISCORE transformamos la luz del sol en progreso. Impulsamos la innovaci\u00f3n en cada soluci\u00f3n energ\u00e9tica que dise\u00f1amos, combinando paneles solares de \u00faltima generaci\u00f3n, bater\u00edas inteligentes de alto rendimiento y asesor\u00eda especializada para el proceso de tu compra. No solo vendemos equipos solares de calidad premium: aceleramos el cambio hacia un futuro sostenible, eficiente y autosuficiente. Nuestra pasi\u00f3n por la tecnolog\u00eda solar se traduce en soluciones personalizadas que ahorran, protegen el planeta y garantizan un rendimiento duradero, incluso en los entornos m\u00e1s exigentes.<\/p>\n\n\n\n<p><strong><mark style=\"background-color:rgba(0, 0, 0, 0);color:#ffae00\" class=\"has-inline-color\">Nuestro Compromiso es brindar Equipos de Punta que impulse un futuro mas sostenible y autosuficiente. <\/mark><\/strong><\/p>\n\n\n\n<h2 class=\"wp-block-heading\"><mark style=\"background-color:rgba(0, 0, 0, 0)\" class=\"has-inline-color has-accent-color\">Beneficios<\/mark> <mark style=\"background-color:rgba(0, 0, 0, 0)\" class=\"has-inline-color has-accent-color\">de la Energ\u00eda Solar<\/mark><\/h2>\n\n\n\n<p>Adoptar la energ\u00eda solar a trav\u00e9s de nuestros servicios trae consigo m\u00faltiples ventajas, entre las cuales destacan:<\/p>\n\n\n\n<p>\u2022 Aumentar el valor de tu propiedad.<br>\u2022 Reducci\u00f3n de Costos Energ\u00e9ticos: La energ\u00eda solar es una fuente inagotable y gratuita, lo que se traduce en ahorros significativos a largo plazo.<br>\u2022 Sostenibilidad Ambiental: Al disminuir el uso de combustibles f\u00f3siles, contribuimos a la reducci\u00f3n de emisiones contaminantes.<br>\u2022 Independencia Energ\u00e9tica: Las soluciones solares permiten a hogares y empresas ser m\u00e1s aut\u00f3nomas, reduciendo la dependencia de las redes el\u00e9ctricas convencionales.<br>\u2022 Innovaci\u00f3n Continua: La implementaci\u00f3n de tecnolog\u00edas de punta garantiza sistemas robustos y actualizados, preparados para enfrentar los desaf\u00edos del futuro.<\/p>\n\n\n\n<h2 class=\"wp-block-heading\"><mark style=\"background-color:rgba(0, 0, 0, 0)\" class=\"has-inline-color has-accent-color\">Unete al cambio<\/mark><\/h2>\n\n\n\n<p>En SOLARISCORE estamos convencidos de que cada paso hacia la energ\u00eda renovable es un paso hacia un mundo m\u00e1s limpio y pr\u00f3spero. Invitamos a hogares, empresas, instituciones y particulares a sumarse a este cambio, explorando las posibilidades que ofrece la energ\u00eda solar para transformar sus operaciones y contribuir al bienestar del planeta.<\/p>\n\n\n\n<p>Si deseas conocer m\u00e1s sobre nuestros servicios, no dudes en ponerte en contacto con nuestro equipo de expertos. \u00a1El futuro es solar y juntos podemos marcar la diferencia!<\/p>\n\n\n\n<p>\u2e3b<\/p>\n\n\n\n<p>Con <mark style=\"background-color:rgba(0, 0, 0, 0);color:#ff7a00\" class=\"has-inline-color\"><strong>SOLARISCORE<\/strong><\/mark>,la energ\u00eda del sol se convierte en el motor de un cambio positivo para el medio ambiente y la sociedad.<br>\u00bfEst\u00e1s listo para transformar tu mundo? Contactanos: +505 8690 9546 \/ info@solariscoreni.com<\/p>\n\n\n\n<p><br>Haz click en el boton de abajo y descubre c\u00f3mo podemos ayudarte a alcanzar la sostenibilidad.<\/p>\n\n\n\n<div class=\"wp-block-buttons is-layout-flex wp-block-buttons-is-layout-flex\">\n<div class=\"wp-block-button\"><a class=\"wp-block-button__link wp-element-button\" href=\"https:\/\/solariscoreni.com\/catalogo-de-producto-o-soluciones-solares\/\">Haz Click <\/a><\/div>\n<\/div>\n","protected":false},"excerpt":{"rendered":"<p>EN SOLARISCORE S.A. OFRECEMOS SOLUCIONES SOLARES F\u00c1CILES Y ASEQUIBLES \u00bfQui\u00e9nes Somos en SOLARISCORE? En SOLARISCORE S.A., somos proveedores de equipos de energ\u00eda solar de ultima generaci\u00f3n, ofrecemos soluciones solares f\u00e1ciles y asequibles. En SOLARISCORE S.A. nos enorgullece ser el proveedor exclusivo en Nicaragua de la innovadora Solar Box 1.5 KW &#8211; 120 V una soluci\u00f3n [&hellip;]<\/p>\n","protected":false},"author":1,"featured_media":0,"parent":0,"menu_order":0,"comment_status":"closed","ping_status":"closed","template":"","meta":{"footnotes":""},"class_list":["post-28","page","type-page","status-publish","hentry"],"yoast_head":"<!-- This site is optimized with the Yoast SEO plugin v27.4 - https:\/\/yoast.com\/product\/yoast-seo-wordpress\/ -->\n<title>Proveedores de Equipos Solares y Asesor\u00edas Energ\u00e9ticas.<\/title>\n<meta name=\"robots\" content=\"index, follow, max-snippet:-1, max-image-preview:large, max-video-preview:-1\" \/>\n<link rel=\"canonical\" href=\"https:\/\/solariscoreni.com\/es_es\/en-solariscore-creemos-en-la-transformacion-del-presente-a-traves-de-la-energia-limpia-y-sostenible-nuestro-compromiso-es-impulsar-soluciones-innovadoras-en-el-sector-solar-que-permitan-a-empresas-y\/\" \/>\n<meta property=\"og:locale\" content=\"es_ES\" \/>\n<meta property=\"og:type\" content=\"article\" \/>\n<meta property=\"og:title\" content=\"Proveedores de Equipos Solares y Asesor\u00edas Energ\u00e9ticas.\" \/>\n<meta property=\"og:description\" content=\"EN SOLARISCORE S.A. OFRECEMOS SOLUCIONES SOLARES F\u00c1CILES Y ASEQUIBLES \u00bfQui\u00e9nes Somos en SOLARISCORE? En SOLARISCORE S.A., somos proveedores de equipos de energ\u00eda solar de ultima generaci\u00f3n, ofrecemos soluciones solares f\u00e1ciles y asequibles. En SOLARISCORE S.A. nos enorgullece ser el proveedor exclusivo en Nicaragua de la innovadora Solar Box 1.5 KW &#8211; 120 V una soluci\u00f3n [&hellip;]\" \/>\n<meta property=\"og:url\" content=\"https:\/\/solariscoreni.com\/es_es\/en-solariscore-creemos-en-la-transformacion-del-presente-a-traves-de-la-energia-limpia-y-sostenible-nuestro-compromiso-es-impulsar-soluciones-innovadoras-en-el-sector-solar-que-permitan-a-empresas-y\/\" \/>\n<meta property=\"og:site_name\" content=\"SOLARISCORE SA\" \/>\n<meta property=\"article:modified_time\" content=\"2025-04-04T18:52:36+00:00\" \/>\n<meta property=\"og:image\" content=\"https:\/\/solariscoreni.com\/wp-content\/uploads\/2025\/03\/IMG_0298-1024x576.jpeg\" \/>\n<meta name=\"twitter:card\" content=\"summary_large_image\" \/>\n<meta name=\"twitter:label1\" content=\"Tiempo de lectura\" \/>\n\t<meta name=\"twitter:data1\" content=\"4 minutos\" \/>\n<script type=\"application\/ld+json\" class=\"yoast-schema-graph\">{\"@context\":\"https:\\\/\\\/schema.org\",\"@graph\":[{\"@type\":\"WebPage\",\"@id\":\"https:\\\/\\\/solariscoreni.com\\\/es_es\\\/en-solariscore-creemos-en-la-transformacion-del-presente-a-traves-de-la-energia-limpia-y-sostenible-nuestro-compromiso-es-impulsar-soluciones-innovadoras-en-el-sector-solar-que-permitan-a-empresas-y\\\/\",\"url\":\"https:\\\/\\\/solariscoreni.com\\\/es_es\\\/en-solariscore-creemos-en-la-transformacion-del-presente-a-traves-de-la-energia-limpia-y-sostenible-nuestro-compromiso-es-impulsar-soluciones-innovadoras-en-el-sector-solar-que-permitan-a-empresas-y\\\/\",\"name\":\"Proveedores de Equipos Solares y Asesor\u00edas Energ\u00e9ticas.\",\"isPartOf\":{\"@id\":\"https:\\\/\\\/solariscoreni.com\\\/es_es\\\/#website\"},\"primaryImageOfPage\":{\"@id\":\"https:\\\/\\\/solariscoreni.com\\\/es_es\\\/en-solariscore-creemos-en-la-transformacion-del-presente-a-traves-de-la-energia-limpia-y-sostenible-nuestro-compromiso-es-impulsar-soluciones-innovadoras-en-el-sector-solar-que-permitan-a-empresas-y\\\/#primaryimage\"},\"image\":{\"@id\":\"https:\\\/\\\/solariscoreni.com\\\/es_es\\\/en-solariscore-creemos-en-la-transformacion-del-presente-a-traves-de-la-energia-limpia-y-sostenible-nuestro-compromiso-es-impulsar-soluciones-innovadoras-en-el-sector-solar-que-permitan-a-empresas-y\\\/#primaryimage\"},\"thumbnailUrl\":\"https:\\\/\\\/solariscoreni.com\\\/wp-content\\\/uploads\\\/2025\\\/03\\\/IMG_0298-1024x576.jpeg\",\"datePublished\":\"2025-03-13T19:52:47+00:00\",\"dateModified\":\"2025-04-04T18:52:36+00:00\",\"breadcrumb\":{\"@id\":\"https:\\\/\\\/solariscoreni.com\\\/es_es\\\/en-solariscore-creemos-en-la-transformacion-del-presente-a-traves-de-la-energia-limpia-y-sostenible-nuestro-compromiso-es-impulsar-soluciones-innovadoras-en-el-sector-solar-que-permitan-a-empresas-y\\\/#breadcrumb\"},\"inLanguage\":\"es\",\"potentialAction\":[{\"@type\":\"ReadAction\",\"target\":[\"https:\\\/\\\/solariscoreni.com\\\/es_es\\\/en-solariscore-creemos-en-la-transformacion-del-presente-a-traves-de-la-energia-limpia-y-sostenible-nuestro-compromiso-es-impulsar-soluciones-innovadoras-en-el-sector-solar-que-permitan-a-empresas-y\\\/\"]}]},{\"@type\":\"ImageObject\",\"inLanguage\":\"es\",\"@id\":\"https:\\\/\\\/solariscoreni.com\\\/es_es\\\/en-solariscore-creemos-en-la-transformacion-del-presente-a-traves-de-la-energia-limpia-y-sostenible-nuestro-compromiso-es-impulsar-soluciones-innovadoras-en-el-sector-solar-que-permitan-a-empresas-y\\\/#primaryimage\",\"url\":\"https:\\\/\\\/solariscoreni.com\\\/wp-content\\\/uploads\\\/2025\\\/03\\\/IMG_0298-1024x576.jpeg\",\"contentUrl\":\"https:\\\/\\\/solariscoreni.com\\\/wp-content\\\/uploads\\\/2025\\\/03\\\/IMG_0298-1024x576.jpeg\"},{\"@type\":\"BreadcrumbList\",\"@id\":\"https:\\\/\\\/solariscoreni.com\\\/es_es\\\/en-solariscore-creemos-en-la-transformacion-del-presente-a-traves-de-la-energia-limpia-y-sostenible-nuestro-compromiso-es-impulsar-soluciones-innovadoras-en-el-sector-solar-que-permitan-a-empresas-y\\\/#breadcrumb\",\"itemListElement\":[{\"@type\":\"ListItem\",\"position\":1,\"name\":\"Portada\",\"item\":\"https:\\\/\\\/solariscoreni.com\\\/es_es\\\/\"},{\"@type\":\"ListItem\",\"position\":2,\"name\":\"Proveedores de Equipos Solares y Asesor\u00edas Energ\u00e9ticas.\"}]},{\"@type\":\"WebSite\",\"@id\":\"https:\\\/\\\/solariscoreni.com\\\/es_es\\\/#website\",\"url\":\"https:\\\/\\\/solariscoreni.com\\\/es_es\\\/\",\"name\":\"SOLARISCORE SA\",\"description\":\"SOLARISCORE ofrece soluciones integrales en ENERG&Iacute;A SOLAR, combinando tecnolog&iacute;a avanzada y eficiencia energ&eacute;tica para transformar PANELES SOLARES en oportunidades de ahorro y sostenibilidad.\",\"publisher\":{\"@id\":\"https:\\\/\\\/solariscoreni.com\\\/es_es\\\/#organization\"},\"potentialAction\":[{\"@type\":\"SearchAction\",\"target\":{\"@type\":\"EntryPoint\",\"urlTemplate\":\"https:\\\/\\\/solariscoreni.com\\\/es_es\\\/?s={search_term_string}\"},\"query-input\":{\"@type\":\"PropertyValueSpecification\",\"valueRequired\":true,\"valueName\":\"search_term_string\"}}],\"inLanguage\":\"es\"},{\"@type\":\"Organization\",\"@id\":\"https:\\\/\\\/solariscoreni.com\\\/es_es\\\/#organization\",\"name\":\"SOLARISCORE SA\",\"url\":\"https:\\\/\\\/solariscoreni.com\\\/es_es\\\/\",\"logo\":{\"@type\":\"ImageObject\",\"inLanguage\":\"es\",\"@id\":\"https:\\\/\\\/solariscoreni.com\\\/es_es\\\/#\\\/schema\\\/logo\\\/image\\\/\",\"url\":\"https:\\\/\\\/solariscoreni.com\\\/wp-content\\\/uploads\\\/2025\\\/03\\\/IMG_1304.jpeg\",\"contentUrl\":\"https:\\\/\\\/solariscoreni.com\\\/wp-content\\\/uploads\\\/2025\\\/03\\\/IMG_1304.jpeg\",\"width\":1188,\"height\":1188,\"caption\":\"SOLARISCORE SA\"},\"image\":{\"@id\":\"https:\\\/\\\/solariscoreni.com\\\/es_es\\\/#\\\/schema\\\/logo\\\/image\\\/\"}}]}<\/script>\n<!-- \/ Yoast SEO plugin. -->","yoast_head_json":{"title":"Proveedores de Equipos Solares y Asesor\u00edas Energ\u00e9ticas.","robots":{"index":"index","follow":"follow","max-snippet":"max-snippet:-1","max-image-preview":"max-image-preview:large","max-video-preview":"max-video-preview:-1"},"canonical":"https:\/\/solariscoreni.com\/es_es\/en-solariscore-creemos-en-la-transformacion-del-presente-a-traves-de-la-energia-limpia-y-sostenible-nuestro-compromiso-es-impulsar-soluciones-innovadoras-en-el-sector-solar-que-permitan-a-empresas-y\/","og_locale":"es_ES","og_type":"article","og_title":"Proveedores de Equipos Solares y Asesor\u00edas Energ\u00e9ticas.","og_description":"EN SOLARISCORE S.A. OFRECEMOS SOLUCIONES SOLARES F\u00c1CILES Y ASEQUIBLES \u00bfQui\u00e9nes Somos en SOLARISCORE? En SOLARISCORE S.A., somos proveedores de equipos de energ\u00eda solar de ultima generaci\u00f3n, ofrecemos soluciones solares f\u00e1ciles y asequibles. En SOLARISCORE S.A. nos enorgullece ser el proveedor exclusivo en Nicaragua de la innovadora Solar Box 1.5 KW &#8211; 120 V una soluci\u00f3n [&hellip;]","og_url":"https:\/\/solariscoreni.com\/es_es\/en-solariscore-creemos-en-la-transformacion-del-presente-a-traves-de-la-energia-limpia-y-sostenible-nuestro-compromiso-es-impulsar-soluciones-innovadoras-en-el-sector-solar-que-permitan-a-empresas-y\/","og_site_name":"SOLARISCORE SA","article_modified_time":"2025-04-04T18:52:36+00:00","og_image":[{"url":"https:\/\/solariscoreni.com\/wp-content\/uploads\/2025\/03\/IMG_0298-1024x576.jpeg","type":"","width":"","height":""}],"twitter_card":"summary_large_image","twitter_misc":{"Tiempo de lectura":"4 minutos"},"schema":{"@context":"https:\/\/schema.org","@graph":[{"@type":"WebPage","@id":"https:\/\/solariscoreni.com\/es_es\/en-solariscore-creemos-en-la-transformacion-del-presente-a-traves-de-la-energia-limpia-y-sostenible-nuestro-compromiso-es-impulsar-soluciones-innovadoras-en-el-sector-solar-que-permitan-a-empresas-y\/","url":"https:\/\/solariscoreni.com\/es_es\/en-solariscore-creemos-en-la-transformacion-del-presente-a-traves-de-la-energia-limpia-y-sostenible-nuestro-compromiso-es-impulsar-soluciones-innovadoras-en-el-sector-solar-que-permitan-a-empresas-y\/","name":"Proveedores de Equipos Solares y Asesor\u00edas Energ\u00e9ticas.","isPartOf":{"@id":"https:\/\/solariscoreni.com\/es_es\/#website"},"primaryImageOfPage":{"@id":"https:\/\/solariscoreni.com\/es_es\/en-solariscore-creemos-en-la-transformacion-del-presente-a-traves-de-la-energia-limpia-y-sostenible-nuestro-compromiso-es-impulsar-soluciones-innovadoras-en-el-sector-solar-que-permitan-a-empresas-y\/#primaryimage"},"image":{"@id":"https:\/\/solariscoreni.com\/es_es\/en-solariscore-creemos-en-la-transformacion-del-presente-a-traves-de-la-energia-limpia-y-sostenible-nuestro-compromiso-es-impulsar-soluciones-innovadoras-en-el-sector-solar-que-permitan-a-empresas-y\/#primaryimage"},"thumbnailUrl":"https:\/\/solariscoreni.com\/wp-content\/uploads\/2025\/03\/IMG_0298-1024x576.jpeg","datePublished":"2025-03-13T19:52:47+00:00","dateModified":"2025-04-04T18:52:36+00:00","breadcrumb":{"@id":"https:\/\/solariscoreni.com\/es_es\/en-solariscore-creemos-en-la-transformacion-del-presente-a-traves-de-la-energia-limpia-y-sostenible-nuestro-compromiso-es-impulsar-soluciones-innovadoras-en-el-sector-solar-que-permitan-a-empresas-y\/#breadcrumb"},"inLanguage":"es","potentialAction":[{"@type":"ReadAction","target":["https:\/\/solariscoreni.com\/es_es\/en-solariscore-creemos-en-la-transformacion-del-presente-a-traves-de-la-energia-limpia-y-sostenible-nuestro-compromiso-es-impulsar-soluciones-innovadoras-en-el-sector-solar-que-permitan-a-empresas-y\/"]}]},{"@type":"ImageObject","inLanguage":"es","@id":"https:\/\/solariscoreni.com\/es_es\/en-solariscore-creemos-en-la-transformacion-del-presente-a-traves-de-la-energia-limpia-y-sostenible-nuestro-compromiso-es-impulsar-soluciones-innovadoras-en-el-sector-solar-que-permitan-a-empresas-y\/#primaryimage","url":"https:\/\/solariscoreni.com\/wp-content\/uploads\/2025\/03\/IMG_0298-1024x576.jpeg","contentUrl":"https:\/\/solariscoreni.com\/wp-content\/uploads\/2025\/03\/IMG_0298-1024x576.jpeg"},{"@type":"BreadcrumbList","@id":"https:\/\/solariscoreni.com\/es_es\/en-solariscore-creemos-en-la-transformacion-del-presente-a-traves-de-la-energia-limpia-y-sostenible-nuestro-compromiso-es-impulsar-soluciones-innovadoras-en-el-sector-solar-que-permitan-a-empresas-y\/#breadcrumb","itemListElement":[{"@type":"ListItem","position":1,"name":"Portada","item":"https:\/\/solariscoreni.com\/es_es\/"},{"@type":"ListItem","position":2,"name":"Proveedores de Equipos Solares y Asesor\u00edas Energ\u00e9ticas."}]},{"@type":"WebSite","@id":"https:\/\/solariscoreni.com\/es_es\/#website","url":"https:\/\/solariscoreni.com\/es_es\/","name":"SOLARISCORE SA","description":"SOLARISCORE ofrece soluciones integrales en ENERG&Iacute;A SOLAR, combinando tecnolog&iacute;a avanzada y eficiencia energ&eacute;tica para transformar PANELES SOLARES en oportunidades de ahorro y sostenibilidad.","publisher":{"@id":"https:\/\/solariscoreni.com\/es_es\/#organization"},"potentialAction":[{"@type":"SearchAction","target":{"@type":"EntryPoint","urlTemplate":"https:\/\/solariscoreni.com\/es_es\/?s={search_term_string}"},"query-input":{"@type":"PropertyValueSpecification","valueRequired":true,"valueName":"search_term_string"}}],"inLanguage":"es"},{"@type":"Organization","@id":"https:\/\/solariscoreni.com\/es_es\/#organization","name":"SOLARISCORE SA","url":"https:\/\/solariscoreni.com\/es_es\/","logo":{"@type":"ImageObject","inLanguage":"es","@id":"https:\/\/solariscoreni.com\/es_es\/#\/schema\/logo\/image\/","url":"https:\/\/solariscoreni.com\/wp-content\/uploads\/2025\/03\/IMG_1304.jpeg","contentUrl":"https:\/\/solariscoreni.com\/wp-content\/uploads\/2025\/03\/IMG_1304.jpeg","width":1188,"height":1188,"caption":"SOLARISCORE SA"},"image":{"@id":"https:\/\/solariscoreni.com\/es_es\/#\/schema\/logo\/image\/"}}]}},"_links":{"self":[{"href":"https:\/\/solariscoreni.com\/es_es\/wp-json\/wp\/v2\/pages\/28","targetHints":{"allow":["GET"]}}],"collection":[{"href":"https:\/\/solariscoreni.com\/es_es\/wp-json\/wp\/v2\/pages"}],"about":[{"href":"https:\/\/solariscoreni.com\/es_es\/wp-json\/wp\/v2\/types\/page"}],"author":[{"embeddable":true,"href":"https:\/\/solariscoreni.com\/es_es\/wp-json\/wp\/v2\/users\/1"}],"replies":[{"embeddable":true,"href":"https:\/\/solariscoreni.com\/es_es\/wp-json\/wp\/v2\/comments?post=28"}],"version-history":[{"count":24,"href":"https:\/\/solariscoreni.com\/es_es\/wp-json\/wp\/v2\/pages\/28\/revisions"}],"predecessor-version":[{"id":478,"href":"https:\/\/solariscoreni.com\/es_es\/wp-json\/wp\/v2\/pages\/28\/revisions\/478"}],"wp:attachment":[{"href":"https:\/\/solariscoreni.com\/es_es\/wp-json\/wp\/v2\/media?parent=28"}],"curies":[{"name":"wp","href":"https:\/\/api.w.org\/{rel}","templated":true}]}}