{"id":454,"date":"2025-04-03T17:50:48","date_gmt":"2025-04-03T19:20:48","guid":{"rendered":"https:\/\/solariscoreni.com\/?page_id=454"},"modified":"2025-04-04T18:26:41","modified_gmt":"2025-04-04T19:56:41","slug":"unico-producto-solar-en-nicaragua","status":"publish","type":"page","link":"https:\/\/solariscoreni.com\/es_es\/unico-producto-solar-en-nicaragua\/","title":{"rendered":"\u00daNICO PRODUCTO SOLAR EN NICARAGUA"},"content":{"rendered":"\n<figure class=\"wp-block-gallery has-nested-images columns-default is-cropped wp-block-gallery-1 is-layout-flex wp-block-gallery-is-layout-flex\">\n<figure class=\"wp-block-image size-large\"><img loading=\"lazy\" decoding=\"async\" width=\"1024\" height=\"576\" data-id=\"488\" src=\"https:\/\/solariscoreni.com\/wp-content\/uploads\/2025\/04\/IMG_0402-1024x576.jpeg\" alt=\"\" class=\"wp-image-488\" srcset=\"https:\/\/solariscoreni.com\/wp-content\/uploads\/2025\/04\/IMG_0402-1024x576.jpeg 1024w, https:\/\/solariscoreni.com\/wp-content\/uploads\/2025\/04\/IMG_0402-300x169.jpeg 300w, https:\/\/solariscoreni.com\/wp-content\/uploads\/2025\/04\/IMG_0402-768x432.jpeg 768w, https:\/\/solariscoreni.com\/wp-content\/uploads\/2025\/04\/IMG_0402-1536x864.jpeg 1536w, https:\/\/solariscoreni.com\/wp-content\/uploads\/2025\/04\/IMG_0402-18x10.jpeg 18w, https:\/\/solariscoreni.com\/wp-content\/uploads\/2025\/04\/IMG_0402-600x338.jpeg 600w, https:\/\/solariscoreni.com\/wp-content\/uploads\/2025\/04\/IMG_0402.jpeg 1920w\" sizes=\"auto, (max-width: 1024px) 100vw, 1024px\" \/><\/figure>\n<\/figure>\n\n\n\n<h1 class=\"wp-block-heading\"><mark style=\"background-color:rgba(0, 0, 0, 0);color:#00ff11\" class=\"has-inline-color\">SOLAR BOX 1.5 KW &#8211; 120 V LISTO PARA USAR. NO INSTALACI\u00d3N PROFESIONAL REQUERIDA. <\/mark><\/h1>\n\n\n\n<p>En&nbsp;<strong>SOLARISCORE S.A.<\/strong>, somos <strong>proveedor exclusivo en Nicaragua<\/strong>&nbsp;de <strong>Solar Box<\/strong> 1.5 KW &#8211; 120 V, una soluci\u00f3n solar port\u00e1til e innovadora, dise\u00f1ada para brindar&nbsp;<strong>energ\u00eda solar limpia, segura y confiable<\/strong>&nbsp;a&nbsp;<strong>zonas rurales<\/strong>,&nbsp;<strong>comunidades aisladas<\/strong>, y&nbsp;<strong>hogares sin acceso a la red el\u00e9ctrica (off-grid)<\/strong>.<\/p>\n\n\n\n<p>La&nbsp;<strong>Solar Box<\/strong>&nbsp;1.5 KW &#8211; 120 V es un&nbsp;<strong>sistema solar compacto, port\u00e1til y f\u00e1cil de usar<\/strong>, ideal para quienes buscan una&nbsp;<strong>alternativa energ\u00e9tica sostenible<\/strong>&nbsp;sin necesidad de instalaciones complejas. Su dise\u00f1o \u201cplug and play\u201d permite que cualquier persona pueda ponerla en funcionamiento sin conocimientos t\u00e9cnicos ni herramientas especiales.<\/p>\n\n\n\n<figure class=\"wp-block-gallery has-nested-images columns-default is-cropped wp-block-gallery-2 is-layout-flex wp-block-gallery-is-layout-flex\">\n<figure class=\"wp-block-image size-large\"><img loading=\"lazy\" decoding=\"async\" width=\"768\" height=\"1024\" data-id=\"390\" src=\"https:\/\/solariscoreni.com\/wp-content\/uploads\/2025\/03\/PHOTO-2025-03-19-13-57-01-2-768x1024.jpeg\" alt=\"\" class=\"wp-image-390\" srcset=\"https:\/\/solariscoreni.com\/wp-content\/uploads\/2025\/03\/PHOTO-2025-03-19-13-57-01-2-768x1024.jpeg 768w, https:\/\/solariscoreni.com\/wp-content\/uploads\/2025\/03\/PHOTO-2025-03-19-13-57-01-2-225x300.jpeg 225w, https:\/\/solariscoreni.com\/wp-content\/uploads\/2025\/03\/PHOTO-2025-03-19-13-57-01-2-1152x1536.jpeg 1152w, https:\/\/solariscoreni.com\/wp-content\/uploads\/2025\/03\/PHOTO-2025-03-19-13-57-01-2-9x12.jpeg 9w, https:\/\/solariscoreni.com\/wp-content\/uploads\/2025\/03\/PHOTO-2025-03-19-13-57-01-2-600x800.jpeg 600w, https:\/\/solariscoreni.com\/wp-content\/uploads\/2025\/03\/PHOTO-2025-03-19-13-57-01-2.jpeg 1200w\" sizes=\"auto, (max-width: 768px) 100vw, 768px\" \/><\/figure>\n\n\n\n<figure class=\"wp-block-image size-large\"><img loading=\"lazy\" decoding=\"async\" width=\"768\" height=\"1024\" data-id=\"391\" src=\"https:\/\/solariscoreni.com\/wp-content\/uploads\/2025\/03\/PHOTO-2025-03-19-13-57-01-768x1024.jpeg\" alt=\"\" class=\"wp-image-391\" srcset=\"https:\/\/solariscoreni.com\/wp-content\/uploads\/2025\/03\/PHOTO-2025-03-19-13-57-01-768x1024.jpeg 768w, https:\/\/solariscoreni.com\/wp-content\/uploads\/2025\/03\/PHOTO-2025-03-19-13-57-01-225x300.jpeg 225w, https:\/\/solariscoreni.com\/wp-content\/uploads\/2025\/03\/PHOTO-2025-03-19-13-57-01-1152x1536.jpeg 1152w, https:\/\/solariscoreni.com\/wp-content\/uploads\/2025\/03\/PHOTO-2025-03-19-13-57-01-9x12.jpeg 9w, https:\/\/solariscoreni.com\/wp-content\/uploads\/2025\/03\/PHOTO-2025-03-19-13-57-01-600x800.jpeg 600w, https:\/\/solariscoreni.com\/wp-content\/uploads\/2025\/03\/PHOTO-2025-03-19-13-57-01.jpeg 1200w\" sizes=\"auto, (max-width: 768px) 100vw, 768px\" \/><\/figure>\n<\/figure>\n\n\n\n<p><strong><mark style=\"background-color:rgba(0, 0, 0, 0);color:#ffb700\" class=\"has-inline-color\">Haz Click en este Link por M\u00e1s Informaci\u00f3n <\/mark><\/strong> <\/p>\n\n\n\n<div class=\"wp-block-buttons is-layout-flex wp-block-buttons-is-layout-flex\">\n<div class=\"wp-block-button\"><a class=\"wp-block-button__link wp-element-button\" href=\"https:\/\/solariscoreni.com\/producto\/kit-solar-completo-585-w-bateria-1-5-kwh-inversor-500w-1kw\/\">SOLAR BOX 1.5 KW &#8211; 120 V<\/a><\/div>\n<\/div>\n\n\n\n<h2 class=\"wp-block-heading\"><mark style=\"background-color:rgba(0, 0, 0, 0);color:#00ff11\" class=\"has-inline-color\">\u00bfQu\u00e9 es la Solar Box 1.5 KW &#8211; 120 V?<\/mark><\/h2>\n\n\n\n<p>Solar Box port\u00e1til basada en tecnolog\u00eda de \u00faltima generaci\u00f3n, es una soluci\u00f3n energ\u00e9tica integral, dise\u00f1ada para usuarios que buscan independencia el\u00e9ctrica, no requiere instalaci\u00f3n alguna. Simplemente con\u00e9ctala y comenzara a funcionar.<\/p>\n\n\n\n<p>Solar Box 1.5 kW &#8211; 120 V<\/p>\n\n\n\n<p>Par\u00e1metros del Producto<\/p>\n\n\n\n<p>\u2022 Potencia m\u00e1xima del panel solar: 585W<\/p>\n\n\n\n<p>\u2022 Capacidad de la bater\u00eda: 1.5 kWh <\/p>\n\n\n\n<p>\u2022 Potencia de salida continua m\u00e1xima (con suficiente luz solar): 1kW<\/p>\n\n\n\n<p>\u2022 Potencia de salida continua m\u00e1xima (con luz solar insuficiente): 0.5kW<\/p>\n\n\n\n<p>\u2022 Voltaje nominal de salida: 120V<\/p>\n\n\n\n<p>\u2022 Frecuencia nominal de salida: 50Hz<\/p>\n\n\n\n<p>\u2022 Corriente continua m\u00e1xima de salida: 9A<\/p>\n\n\n\n<p>\u2022 Nivel de impermeabilidad: IP65<\/p>\n\n\n\n<p>\u2022 Rango de temperatura de funcionamiento: -40\u00b0C a +65\u00b0C<\/p>\n\n\n\n<p>Tipo de Celda<\/p>\n\n\n\n<p>\u2022 Tipo de bater\u00eda: Bater\u00eda de litio LiFePO\u2084 (LFP)<\/p>\n\n\n\n<p>Rango de temperatura de almacenamiento<\/p>\n\n\n\n<p>\u2022 Corto plazo: -20\u00b0C a 40\u00b0C (dentro de 1 mes)<\/p>\n\n\n\n<p>\u2022 Largo plazo: 10\u00b0C a 35\u00b0C (dentro de 1 a\u00f1o)<\/p>\n\n\n\n<p>Otras especificaciones<\/p>\n\n\n\n<p>\u2022 Humedad de almacenamiento: \u226475% HR<\/p>\n\n\n\n<p>\u2022 Presi\u00f3n atmosf\u00e9rica: Debajo de 5000 metros sobre el nivel del mar<\/p>\n\n\n\n<p>\u2022 Autodescarga (a 25\u00b0C): &lt;3% por mes<\/p>\n\n\n\n<p>\u2022 Profundidad de descarga (DOD): &gt;80%<\/p>\n\n\n\n<p>\u2022 Tasa de descarga (C-Rate): &lt;0.8C<\/p>\n\n\n\n<p>\u2022 Ciclo de vida \u00fatil: >8000 ciclos (a &lt;0.5C)<\/p>\n","protected":false},"excerpt":{"rendered":"<p>SOLAR BOX 1.5 KW &#8211; 120 V LISTO PARA USAR. NO INSTALACI\u00d3N PROFESIONAL REQUERIDA. En&nbsp;SOLARISCORE S.A., somos proveedor exclusivo en Nicaragua&nbsp;de Solar Box 1.5 KW &#8211; 120 V, una soluci\u00f3n solar port\u00e1til e innovadora, dise\u00f1ada para brindar&nbsp;energ\u00eda solar limpia, segura y confiable&nbsp;a&nbsp;zonas rurales,&nbsp;comunidades aisladas, y&nbsp;hogares sin acceso a la red el\u00e9ctrica (off-grid). La&nbsp;Solar Box&nbsp;1.5 KW [&hellip;]<\/p>\n","protected":false},"author":1,"featured_media":0,"parent":0,"menu_order":0,"comment_status":"closed","ping_status":"closed","template":"","meta":{"footnotes":""},"class_list":["post-454","page","type-page","status-publish","hentry"],"yoast_head":"<!-- This site is optimized with the Yoast SEO plugin v27.4 - https:\/\/yoast.com\/product\/yoast-seo-wordpress\/ -->\n<title>\u00daNICO PRODUCTO SOLAR EN NICARAGUA<\/title>\n<meta name=\"robots\" content=\"index, follow, max-snippet:-1, max-image-preview:large, max-video-preview:-1\" \/>\n<link rel=\"canonical\" href=\"https:\/\/solariscoreni.com\/es_es\/unico-producto-solar-en-nicaragua\/\" \/>\n<meta property=\"og:locale\" content=\"es_ES\" \/>\n<meta property=\"og:type\" content=\"article\" \/>\n<meta property=\"og:title\" content=\"\u00daNICO PRODUCTO SOLAR EN NICARAGUA\" \/>\n<meta property=\"og:description\" content=\"SOLAR BOX 1.5 KW &#8211; 120 V LISTO PARA USAR. NO INSTALACI\u00d3N PROFESIONAL REQUERIDA. En&nbsp;SOLARISCORE S.A., somos proveedor exclusivo en Nicaragua&nbsp;de Solar Box 1.5 KW &#8211; 120 V, una soluci\u00f3n solar port\u00e1til e innovadora, dise\u00f1ada para brindar&nbsp;energ\u00eda solar limpia, segura y confiable&nbsp;a&nbsp;zonas rurales,&nbsp;comunidades aisladas, y&nbsp;hogares sin acceso a la red el\u00e9ctrica (off-grid). La&nbsp;Solar Box&nbsp;1.5 KW [&hellip;]\" \/>\n<meta property=\"og:url\" content=\"https:\/\/solariscoreni.com\/es_es\/unico-producto-solar-en-nicaragua\/\" \/>\n<meta property=\"og:site_name\" content=\"SOLARISCORE SA\" \/>\n<meta property=\"article:modified_time\" content=\"2025-04-04T19:56:41+00:00\" \/>\n<meta property=\"og:image\" content=\"https:\/\/solariscoreni.com\/wp-content\/uploads\/2025\/04\/IMG_0402-1024x576.jpeg\" \/>\n<meta name=\"twitter:card\" content=\"summary_large_image\" \/>\n<meta name=\"twitter:label1\" content=\"Tiempo de lectura\" \/>\n\t<meta name=\"twitter:data1\" content=\"3 minutos\" \/>\n<script type=\"application\/ld+json\" class=\"yoast-schema-graph\">{\"@context\":\"https:\\\/\\\/schema.org\",\"@graph\":[{\"@type\":\"WebPage\",\"@id\":\"https:\\\/\\\/solariscoreni.com\\\/es_es\\\/unico-producto-solar-en-nicaragua\\\/\",\"url\":\"https:\\\/\\\/solariscoreni.com\\\/es_es\\\/unico-producto-solar-en-nicaragua\\\/\",\"name\":\"\u00daNICO PRODUCTO SOLAR EN NICARAGUA\",\"isPartOf\":{\"@id\":\"https:\\\/\\\/solariscoreni.com\\\/es_es\\\/#website\"},\"primaryImageOfPage\":{\"@id\":\"https:\\\/\\\/solariscoreni.com\\\/es_es\\\/unico-producto-solar-en-nicaragua\\\/#primaryimage\"},\"image\":{\"@id\":\"https:\\\/\\\/solariscoreni.com\\\/es_es\\\/unico-producto-solar-en-nicaragua\\\/#primaryimage\"},\"thumbnailUrl\":\"https:\\\/\\\/solariscoreni.com\\\/wp-content\\\/uploads\\\/2025\\\/04\\\/IMG_0402-1024x576.jpeg\",\"datePublished\":\"2025-04-03T19:20:48+00:00\",\"dateModified\":\"2025-04-04T19:56:41+00:00\",\"breadcrumb\":{\"@id\":\"https:\\\/\\\/solariscoreni.com\\\/es_es\\\/unico-producto-solar-en-nicaragua\\\/#breadcrumb\"},\"inLanguage\":\"es\",\"potentialAction\":[{\"@type\":\"ReadAction\",\"target\":[\"https:\\\/\\\/solariscoreni.com\\\/es_es\\\/unico-producto-solar-en-nicaragua\\\/\"]}]},{\"@type\":\"ImageObject\",\"inLanguage\":\"es\",\"@id\":\"https:\\\/\\\/solariscoreni.com\\\/es_es\\\/unico-producto-solar-en-nicaragua\\\/#primaryimage\",\"url\":\"https:\\\/\\\/solariscoreni.com\\\/wp-content\\\/uploads\\\/2025\\\/04\\\/IMG_0402-1024x576.jpeg\",\"contentUrl\":\"https:\\\/\\\/solariscoreni.com\\\/wp-content\\\/uploads\\\/2025\\\/04\\\/IMG_0402-1024x576.jpeg\"},{\"@type\":\"BreadcrumbList\",\"@id\":\"https:\\\/\\\/solariscoreni.com\\\/es_es\\\/unico-producto-solar-en-nicaragua\\\/#breadcrumb\",\"itemListElement\":[{\"@type\":\"ListItem\",\"position\":1,\"name\":\"Portada\",\"item\":\"https:\\\/\\\/solariscoreni.com\\\/es_es\\\/\"},{\"@type\":\"ListItem\",\"position\":2,\"name\":\"\u00daNICO PRODUCTO SOLAR EN NICARAGUA\"}]},{\"@type\":\"WebSite\",\"@id\":\"https:\\\/\\\/solariscoreni.com\\\/es_es\\\/#website\",\"url\":\"https:\\\/\\\/solariscoreni.com\\\/es_es\\\/\",\"name\":\"SOLARISCORE SA\",\"description\":\"SOLARISCORE ofrece soluciones integrales en ENERG&Iacute;A SOLAR, combinando tecnolog&iacute;a avanzada y eficiencia energ&eacute;tica para transformar PANELES SOLARES en oportunidades de ahorro y sostenibilidad.\",\"publisher\":{\"@id\":\"https:\\\/\\\/solariscoreni.com\\\/es_es\\\/#organization\"},\"potentialAction\":[{\"@type\":\"SearchAction\",\"target\":{\"@type\":\"EntryPoint\",\"urlTemplate\":\"https:\\\/\\\/solariscoreni.com\\\/es_es\\\/?s={search_term_string}\"},\"query-input\":{\"@type\":\"PropertyValueSpecification\",\"valueRequired\":true,\"valueName\":\"search_term_string\"}}],\"inLanguage\":\"es\"},{\"@type\":\"Organization\",\"@id\":\"https:\\\/\\\/solariscoreni.com\\\/es_es\\\/#organization\",\"name\":\"SOLARISCORE SA\",\"url\":\"https:\\\/\\\/solariscoreni.com\\\/es_es\\\/\",\"logo\":{\"@type\":\"ImageObject\",\"inLanguage\":\"es\",\"@id\":\"https:\\\/\\\/solariscoreni.com\\\/es_es\\\/#\\\/schema\\\/logo\\\/image\\\/\",\"url\":\"https:\\\/\\\/solariscoreni.com\\\/wp-content\\\/uploads\\\/2025\\\/03\\\/IMG_1304.jpeg\",\"contentUrl\":\"https:\\\/\\\/solariscoreni.com\\\/wp-content\\\/uploads\\\/2025\\\/03\\\/IMG_1304.jpeg\",\"width\":1188,\"height\":1188,\"caption\":\"SOLARISCORE SA\"},\"image\":{\"@id\":\"https:\\\/\\\/solariscoreni.com\\\/es_es\\\/#\\\/schema\\\/logo\\\/image\\\/\"}}]}<\/script>\n<!-- \/ Yoast SEO plugin. -->","yoast_head_json":{"title":"\u00daNICO PRODUCTO SOLAR EN NICARAGUA","robots":{"index":"index","follow":"follow","max-snippet":"max-snippet:-1","max-image-preview":"max-image-preview:large","max-video-preview":"max-video-preview:-1"},"canonical":"https:\/\/solariscoreni.com\/es_es\/unico-producto-solar-en-nicaragua\/","og_locale":"es_ES","og_type":"article","og_title":"\u00daNICO PRODUCTO SOLAR EN NICARAGUA","og_description":"SOLAR BOX 1.5 KW &#8211; 120 V LISTO PARA USAR. NO INSTALACI\u00d3N PROFESIONAL REQUERIDA. En&nbsp;SOLARISCORE S.A., somos proveedor exclusivo en Nicaragua&nbsp;de Solar Box 1.5 KW &#8211; 120 V, una soluci\u00f3n solar port\u00e1til e innovadora, dise\u00f1ada para brindar&nbsp;energ\u00eda solar limpia, segura y confiable&nbsp;a&nbsp;zonas rurales,&nbsp;comunidades aisladas, y&nbsp;hogares sin acceso a la red el\u00e9ctrica (off-grid). La&nbsp;Solar Box&nbsp;1.5 KW [&hellip;]","og_url":"https:\/\/solariscoreni.com\/es_es\/unico-producto-solar-en-nicaragua\/","og_site_name":"SOLARISCORE SA","article_modified_time":"2025-04-04T19:56:41+00:00","og_image":[{"url":"https:\/\/solariscoreni.com\/wp-content\/uploads\/2025\/04\/IMG_0402-1024x576.jpeg","type":"","width":"","height":""}],"twitter_card":"summary_large_image","twitter_misc":{"Tiempo de lectura":"3 minutos"},"schema":{"@context":"https:\/\/schema.org","@graph":[{"@type":"WebPage","@id":"https:\/\/solariscoreni.com\/es_es\/unico-producto-solar-en-nicaragua\/","url":"https:\/\/solariscoreni.com\/es_es\/unico-producto-solar-en-nicaragua\/","name":"\u00daNICO PRODUCTO SOLAR EN NICARAGUA","isPartOf":{"@id":"https:\/\/solariscoreni.com\/es_es\/#website"},"primaryImageOfPage":{"@id":"https:\/\/solariscoreni.com\/es_es\/unico-producto-solar-en-nicaragua\/#primaryimage"},"image":{"@id":"https:\/\/solariscoreni.com\/es_es\/unico-producto-solar-en-nicaragua\/#primaryimage"},"thumbnailUrl":"https:\/\/solariscoreni.com\/wp-content\/uploads\/2025\/04\/IMG_0402-1024x576.jpeg","datePublished":"2025-04-03T19:20:48+00:00","dateModified":"2025-04-04T19:56:41+00:00","breadcrumb":{"@id":"https:\/\/solariscoreni.com\/es_es\/unico-producto-solar-en-nicaragua\/#breadcrumb"},"inLanguage":"es","potentialAction":[{"@type":"ReadAction","target":["https:\/\/solariscoreni.com\/es_es\/unico-producto-solar-en-nicaragua\/"]}]},{"@type":"ImageObject","inLanguage":"es","@id":"https:\/\/solariscoreni.com\/es_es\/unico-producto-solar-en-nicaragua\/#primaryimage","url":"https:\/\/solariscoreni.com\/wp-content\/uploads\/2025\/04\/IMG_0402-1024x576.jpeg","contentUrl":"https:\/\/solariscoreni.com\/wp-content\/uploads\/2025\/04\/IMG_0402-1024x576.jpeg"},{"@type":"BreadcrumbList","@id":"https:\/\/solariscoreni.com\/es_es\/unico-producto-solar-en-nicaragua\/#breadcrumb","itemListElement":[{"@type":"ListItem","position":1,"name":"Portada","item":"https:\/\/solariscoreni.com\/es_es\/"},{"@type":"ListItem","position":2,"name":"\u00daNICO PRODUCTO SOLAR EN NICARAGUA"}]},{"@type":"WebSite","@id":"https:\/\/solariscoreni.com\/es_es\/#website","url":"https:\/\/solariscoreni.com\/es_es\/","name":"SOLARISCORE SA","description":"SOLARISCORE ofrece soluciones integrales en ENERG&Iacute;A SOLAR, combinando tecnolog&iacute;a avanzada y eficiencia energ&eacute;tica para transformar PANELES SOLARES en oportunidades de ahorro y sostenibilidad.","publisher":{"@id":"https:\/\/solariscoreni.com\/es_es\/#organization"},"potentialAction":[{"@type":"SearchAction","target":{"@type":"EntryPoint","urlTemplate":"https:\/\/solariscoreni.com\/es_es\/?s={search_term_string}"},"query-input":{"@type":"PropertyValueSpecification","valueRequired":true,"valueName":"search_term_string"}}],"inLanguage":"es"},{"@type":"Organization","@id":"https:\/\/solariscoreni.com\/es_es\/#organization","name":"SOLARISCORE SA","url":"https:\/\/solariscoreni.com\/es_es\/","logo":{"@type":"ImageObject","inLanguage":"es","@id":"https:\/\/solariscoreni.com\/es_es\/#\/schema\/logo\/image\/","url":"https:\/\/solariscoreni.com\/wp-content\/uploads\/2025\/03\/IMG_1304.jpeg","contentUrl":"https:\/\/solariscoreni.com\/wp-content\/uploads\/2025\/03\/IMG_1304.jpeg","width":1188,"height":1188,"caption":"SOLARISCORE SA"},"image":{"@id":"https:\/\/solariscoreni.com\/es_es\/#\/schema\/logo\/image\/"}}]}},"_links":{"self":[{"href":"https:\/\/solariscoreni.com\/es_es\/wp-json\/wp\/v2\/pages\/454","targetHints":{"allow":["GET"]}}],"collection":[{"href":"https:\/\/solariscoreni.com\/es_es\/wp-json\/wp\/v2\/pages"}],"about":[{"href":"https:\/\/solariscoreni.com\/es_es\/wp-json\/wp\/v2\/types\/page"}],"author":[{"embeddable":true,"href":"https:\/\/solariscoreni.com\/es_es\/wp-json\/wp\/v2\/users\/1"}],"replies":[{"embeddable":true,"href":"https:\/\/solariscoreni.com\/es_es\/wp-json\/wp\/v2\/comments?post=454"}],"version-history":[{"count":11,"href":"https:\/\/solariscoreni.com\/es_es\/wp-json\/wp\/v2\/pages\/454\/revisions"}],"predecessor-version":[{"id":494,"href":"https:\/\/solariscoreni.com\/es_es\/wp-json\/wp\/v2\/pages\/454\/revisions\/494"}],"wp:attachment":[{"href":"https:\/\/solariscoreni.com\/es_es\/wp-json\/wp\/v2\/media?parent=454"}],"curies":[{"name":"wp","href":"https:\/\/api.w.org\/{rel}","templated":true}]}}