{"id":389,"date":"2025-03-25T19:44:08","date_gmt":"2025-03-25T21:14:08","guid":{"rendered":"https:\/\/solariscoreni.com\/?post_type=product&#038;p=389"},"modified":"2025-05-05T14:42:25","modified_gmt":"2025-05-05T16:12:25","slug":"kit-solar-completo-585-w-bateria-1-5-kwh-inversor-500w-1kw","status":"publish","type":"product","link":"https:\/\/solariscoreni.com\/es_es\/producto\/kit-solar-completo-585-w-bateria-1-5-kwh-inversor-500w-1kw\/","title":{"rendered":"SOLAR BOX- 1.5KW &#8211; 120 V &#8211; No Instalaci\u00f3n Profesional Requerida"},"content":{"rendered":"<p>Solar Box 1.5 KWh &#8211; 120 V<\/p>\n<p>Par\u00e1metros del Producto<\/p>\n<p>\u2022 Potencia m\u00e1xima del panel solar: 585 W<\/p>\n<p>\u2022 Capacidad de la bater\u00eda: 1.5 KW<\/p>\n<p>\u2022 Potencia de salida continua m\u00e1xima (con suficiente luz solar): 1kW<\/p>\n<p>\u2022 Potencia de salida continua m\u00e1xima (con luz solar insuficiente): 0.5kW<\/p>\n<p>\u2022 Voltaje nominal de salida: 120 V<\/p>\n<p>\u2022 Frecuencia nominal de salida: 50Hz<\/p>\n<p>\u2022 Corriente continua m\u00e1xima de salida: 9A<\/p>\n<p>\u2022 Nivel de impermeabilidad: IP65<\/p>\n<p>\u2022 Rango de temperatura de funcionamiento: -40\u00b0C a +65\u00b0C<\/p>\n<p>Tipo de Celda<\/p>\n<p>\u2022 Tipo de bater\u00eda: Bater\u00eda de litio LiFePO\u2084 (LFP)<\/p>\n<p>Rango de temperatura de almacenamiento<\/p>\n<p>\u2022 Corto plazo: -20\u00b0C a 40\u00b0C (dentro de 1 mes)<\/p>\n<p>\u2022 Largo plazo: 10\u00b0C a 35\u00b0C (dentro de 1 a\u00f1o)<\/p>\n<p>Otras especificaciones<\/p>\n<p>\u2022 Humedad de almacenamiento: \u226475% HR<\/p>\n<p>\u2022 Presi\u00f3n atmosf\u00e9rica: Debajo de 5000 metros sobre el nivel del mar<\/p>\n<p>\u2022 Autodescarga (a 25\u00b0C): &lt;3% por mes<\/p>\n<p>\u2022 Profundidad de descarga (DOD): &gt;80%<\/p>\n<p>\u2022 Tasa de descarga (C-Rate): &lt;0.8C<\/p>\n<p>\u2022 Ciclo de vida \u00fatil: &gt;6000 ciclos (a &lt;0.5C)<\/p>\n","protected":false},"excerpt":{"rendered":"<p>Solar Box port\u00e1til basada en tecnolog\u00eda de \u00faltima generaci\u00f3n, viene completamente lista para usar. No requiere instalaci\u00f3n alguna. Simplemente con\u00e9ctala y comenzar\u00e1 a funcionar, ideal para viviendas, oficinas o respaldo de energ\u00eda. Incluye panel solar de 585W, bater\u00eda de litio 1.5 kWh e inversor de 500W\/1kW. Ideal para sistemas de autoconsumo o respaldo energ\u00e9tico.<\/p>\n<p>Garant\u00eda Limitada 5 A\u00f1os.<\/p>\n","protected":false},"featured_media":502,"comment_status":"open","ping_status":"closed","template":"","meta":[],"product_brand":[],"product_cat":[38],"product_tag":[],"class_list":{"0":"post-389","1":"product","2":"type-product","3":"status-publish","4":"has-post-thumbnail","6":"product_cat-kit-solar-completo","8":"first","9":"instock","10":"shipping-taxable","11":"product-type-simple"},"yoast_head":"<!-- This site is optimized with the Yoast SEO plugin v27.4 - https:\/\/yoast.com\/product\/yoast-seo-wordpress\/ -->\n<title>SOLAR BOX- 1.5KW - 120 V - No Instalaci\u00f3n Profesional Requerida - SOLARISCORE SA<\/title>\n<meta name=\"robots\" content=\"index, follow, max-snippet:-1, max-image-preview:large, max-video-preview:-1\" \/>\n<link rel=\"canonical\" href=\"https:\/\/solariscoreni.com\/es_es\/producto\/kit-solar-completo-585-w-bateria-1-5-kwh-inversor-500w-1kw\/\" \/>\n<meta property=\"og:locale\" content=\"es_ES\" \/>\n<meta property=\"og:type\" content=\"article\" \/>\n<meta property=\"og:title\" content=\"SOLAR BOX- 1.5KW - 120 V - No Instalaci\u00f3n Profesional Requerida - SOLARISCORE SA\" \/>\n<meta property=\"og:description\" content=\"Solar Box port\u00e1til basada en tecnolog\u00eda de \u00faltima generaci\u00f3n, viene completamente lista para usar. No requiere instalaci\u00f3n alguna. Simplemente con\u00e9ctala y comenzar\u00e1 a funcionar, ideal para viviendas, oficinas o respaldo de energ\u00eda. Incluye panel solar de 585W, bater\u00eda de litio 1.5 kWh e inversor de 500W\/1kW. Ideal para sistemas de autoconsumo o respaldo energ\u00e9tico.  Garant\u00eda Limitada 5 A\u00f1os.\" \/>\n<meta property=\"og:url\" content=\"https:\/\/solariscoreni.com\/es_es\/producto\/kit-solar-completo-585-w-bateria-1-5-kwh-inversor-500w-1kw\/\" \/>\n<meta property=\"og:site_name\" content=\"SOLARISCORE SA\" \/>\n<meta property=\"article:modified_time\" content=\"2025-05-05T16:12:25+00:00\" \/>\n<meta property=\"og:image\" content=\"https:\/\/solariscoreni.com\/wp-content\/uploads\/2025\/03\/Untitled-design-1.jpeg\" \/>\n\t<meta property=\"og:image:width\" content=\"1080\" \/>\n\t<meta property=\"og:image:height\" content=\"1920\" \/>\n\t<meta property=\"og:image:type\" content=\"image\/jpeg\" \/>\n<meta name=\"twitter:card\" content=\"summary_large_image\" \/>\n<meta name=\"twitter:label1\" content=\"Tiempo de lectura\" \/>\n\t<meta name=\"twitter:data1\" content=\"1 minuto\" \/>\n<script type=\"application\/ld+json\" class=\"yoast-schema-graph\">{\"@context\":\"https:\\\/\\\/schema.org\",\"@graph\":[{\"@type\":\"WebPage\",\"@id\":\"https:\\\/\\\/solariscoreni.com\\\/es_es\\\/producto\\\/kit-solar-completo-585-w-bateria-1-5-kwh-inversor-500w-1kw\\\/\",\"url\":\"https:\\\/\\\/solariscoreni.com\\\/es_es\\\/producto\\\/kit-solar-completo-585-w-bateria-1-5-kwh-inversor-500w-1kw\\\/\",\"name\":\"SOLAR BOX- 1.5KW - 120 V - No Instalaci\u00f3n Profesional Requerida - SOLARISCORE SA\",\"isPartOf\":{\"@id\":\"https:\\\/\\\/solariscoreni.com\\\/es_es\\\/#website\"},\"primaryImageOfPage\":{\"@id\":\"https:\\\/\\\/solariscoreni.com\\\/es_es\\\/producto\\\/kit-solar-completo-585-w-bateria-1-5-kwh-inversor-500w-1kw\\\/#primaryimage\"},\"image\":{\"@id\":\"https:\\\/\\\/solariscoreni.com\\\/es_es\\\/producto\\\/kit-solar-completo-585-w-bateria-1-5-kwh-inversor-500w-1kw\\\/#primaryimage\"},\"thumbnailUrl\":\"https:\\\/\\\/solariscoreni.com\\\/wp-content\\\/uploads\\\/2025\\\/03\\\/Untitled-design-1.jpeg\",\"datePublished\":\"2025-03-25T21:14:08+00:00\",\"dateModified\":\"2025-05-05T16:12:25+00:00\",\"breadcrumb\":{\"@id\":\"https:\\\/\\\/solariscoreni.com\\\/es_es\\\/producto\\\/kit-solar-completo-585-w-bateria-1-5-kwh-inversor-500w-1kw\\\/#breadcrumb\"},\"inLanguage\":\"es\",\"potentialAction\":[{\"@type\":\"ReadAction\",\"target\":[\"https:\\\/\\\/solariscoreni.com\\\/es_es\\\/producto\\\/kit-solar-completo-585-w-bateria-1-5-kwh-inversor-500w-1kw\\\/\"]}]},{\"@type\":\"ImageObject\",\"inLanguage\":\"es\",\"@id\":\"https:\\\/\\\/solariscoreni.com\\\/es_es\\\/producto\\\/kit-solar-completo-585-w-bateria-1-5-kwh-inversor-500w-1kw\\\/#primaryimage\",\"url\":\"https:\\\/\\\/solariscoreni.com\\\/wp-content\\\/uploads\\\/2025\\\/03\\\/Untitled-design-1.jpeg\",\"contentUrl\":\"https:\\\/\\\/solariscoreni.com\\\/wp-content\\\/uploads\\\/2025\\\/03\\\/Untitled-design-1.jpeg\",\"width\":1080,\"height\":1920},{\"@type\":\"BreadcrumbList\",\"@id\":\"https:\\\/\\\/solariscoreni.com\\\/es_es\\\/producto\\\/kit-solar-completo-585-w-bateria-1-5-kwh-inversor-500w-1kw\\\/#breadcrumb\",\"itemListElement\":[{\"@type\":\"ListItem\",\"position\":1,\"name\":\"Portada\",\"item\":\"https:\\\/\\\/solariscoreni.com\\\/es_es\\\/\"},{\"@type\":\"ListItem\",\"position\":2,\"name\":\"Cat\u00e1logo\",\"item\":\"https:\\\/\\\/solariscoreni.com\\\/es_es\\\/catalogo\\\/\"},{\"@type\":\"ListItem\",\"position\":3,\"name\":\"SOLAR BOX- 1.5KW &#8211; 120 V &#8211; No Instalaci\u00f3n Profesional Requerida\"}]},{\"@type\":\"WebSite\",\"@id\":\"https:\\\/\\\/solariscoreni.com\\\/es_es\\\/#website\",\"url\":\"https:\\\/\\\/solariscoreni.com\\\/es_es\\\/\",\"name\":\"SOLARISCORE SA\",\"description\":\"SOLARISCORE ofrece soluciones integrales en ENERG&Iacute;A SOLAR, combinando tecnolog&iacute;a avanzada y eficiencia energ&eacute;tica para transformar PANELES SOLARES en oportunidades de ahorro y sostenibilidad.\",\"publisher\":{\"@id\":\"https:\\\/\\\/solariscoreni.com\\\/es_es\\\/#organization\"},\"potentialAction\":[{\"@type\":\"SearchAction\",\"target\":{\"@type\":\"EntryPoint\",\"urlTemplate\":\"https:\\\/\\\/solariscoreni.com\\\/es_es\\\/?s={search_term_string}\"},\"query-input\":{\"@type\":\"PropertyValueSpecification\",\"valueRequired\":true,\"valueName\":\"search_term_string\"}}],\"inLanguage\":\"es\"},{\"@type\":\"Organization\",\"@id\":\"https:\\\/\\\/solariscoreni.com\\\/es_es\\\/#organization\",\"name\":\"SOLARISCORE SA\",\"url\":\"https:\\\/\\\/solariscoreni.com\\\/es_es\\\/\",\"logo\":{\"@type\":\"ImageObject\",\"inLanguage\":\"es\",\"@id\":\"https:\\\/\\\/solariscoreni.com\\\/es_es\\\/#\\\/schema\\\/logo\\\/image\\\/\",\"url\":\"https:\\\/\\\/solariscoreni.com\\\/wp-content\\\/uploads\\\/2025\\\/03\\\/IMG_1304.jpeg\",\"contentUrl\":\"https:\\\/\\\/solariscoreni.com\\\/wp-content\\\/uploads\\\/2025\\\/03\\\/IMG_1304.jpeg\",\"width\":1188,\"height\":1188,\"caption\":\"SOLARISCORE SA\"},\"image\":{\"@id\":\"https:\\\/\\\/solariscoreni.com\\\/es_es\\\/#\\\/schema\\\/logo\\\/image\\\/\"}}]}<\/script>\n<!-- \/ Yoast SEO plugin. -->","yoast_head_json":{"title":"SOLAR BOX- 1.5KW - 120 V - No Instalaci\u00f3n Profesional Requerida - SOLARISCORE SA","robots":{"index":"index","follow":"follow","max-snippet":"max-snippet:-1","max-image-preview":"max-image-preview:large","max-video-preview":"max-video-preview:-1"},"canonical":"https:\/\/solariscoreni.com\/es_es\/producto\/kit-solar-completo-585-w-bateria-1-5-kwh-inversor-500w-1kw\/","og_locale":"es_ES","og_type":"article","og_title":"SOLAR BOX- 1.5KW - 120 V - No Instalaci\u00f3n Profesional Requerida - SOLARISCORE SA","og_description":"Solar Box port\u00e1til basada en tecnolog\u00eda de \u00faltima generaci\u00f3n, viene completamente lista para usar. No requiere instalaci\u00f3n alguna. Simplemente con\u00e9ctala y comenzar\u00e1 a funcionar, ideal para viviendas, oficinas o respaldo de energ\u00eda. Incluye panel solar de 585W, bater\u00eda de litio 1.5 kWh e inversor de 500W\/1kW. Ideal para sistemas de autoconsumo o respaldo energ\u00e9tico.  Garant\u00eda Limitada 5 A\u00f1os.","og_url":"https:\/\/solariscoreni.com\/es_es\/producto\/kit-solar-completo-585-w-bateria-1-5-kwh-inversor-500w-1kw\/","og_site_name":"SOLARISCORE SA","article_modified_time":"2025-05-05T16:12:25+00:00","og_image":[{"width":1080,"height":1920,"url":"https:\/\/solariscoreni.com\/wp-content\/uploads\/2025\/03\/Untitled-design-1.jpeg","type":"image\/jpeg"}],"twitter_card":"summary_large_image","twitter_misc":{"Tiempo de lectura":"1 minuto"},"schema":{"@context":"https:\/\/schema.org","@graph":[{"@type":"WebPage","@id":"https:\/\/solariscoreni.com\/es_es\/producto\/kit-solar-completo-585-w-bateria-1-5-kwh-inversor-500w-1kw\/","url":"https:\/\/solariscoreni.com\/es_es\/producto\/kit-solar-completo-585-w-bateria-1-5-kwh-inversor-500w-1kw\/","name":"SOLAR BOX- 1.5KW - 120 V - No Instalaci\u00f3n Profesional Requerida - SOLARISCORE SA","isPartOf":{"@id":"https:\/\/solariscoreni.com\/es_es\/#website"},"primaryImageOfPage":{"@id":"https:\/\/solariscoreni.com\/es_es\/producto\/kit-solar-completo-585-w-bateria-1-5-kwh-inversor-500w-1kw\/#primaryimage"},"image":{"@id":"https:\/\/solariscoreni.com\/es_es\/producto\/kit-solar-completo-585-w-bateria-1-5-kwh-inversor-500w-1kw\/#primaryimage"},"thumbnailUrl":"https:\/\/solariscoreni.com\/wp-content\/uploads\/2025\/03\/Untitled-design-1.jpeg","datePublished":"2025-03-25T21:14:08+00:00","dateModified":"2025-05-05T16:12:25+00:00","breadcrumb":{"@id":"https:\/\/solariscoreni.com\/es_es\/producto\/kit-solar-completo-585-w-bateria-1-5-kwh-inversor-500w-1kw\/#breadcrumb"},"inLanguage":"es","potentialAction":[{"@type":"ReadAction","target":["https:\/\/solariscoreni.com\/es_es\/producto\/kit-solar-completo-585-w-bateria-1-5-kwh-inversor-500w-1kw\/"]}]},{"@type":"ImageObject","inLanguage":"es","@id":"https:\/\/solariscoreni.com\/es_es\/producto\/kit-solar-completo-585-w-bateria-1-5-kwh-inversor-500w-1kw\/#primaryimage","url":"https:\/\/solariscoreni.com\/wp-content\/uploads\/2025\/03\/Untitled-design-1.jpeg","contentUrl":"https:\/\/solariscoreni.com\/wp-content\/uploads\/2025\/03\/Untitled-design-1.jpeg","width":1080,"height":1920},{"@type":"BreadcrumbList","@id":"https:\/\/solariscoreni.com\/es_es\/producto\/kit-solar-completo-585-w-bateria-1-5-kwh-inversor-500w-1kw\/#breadcrumb","itemListElement":[{"@type":"ListItem","position":1,"name":"Portada","item":"https:\/\/solariscoreni.com\/es_es\/"},{"@type":"ListItem","position":2,"name":"Cat\u00e1logo","item":"https:\/\/solariscoreni.com\/es_es\/catalogo\/"},{"@type":"ListItem","position":3,"name":"SOLAR BOX- 1.5KW &#8211; 120 V &#8211; No Instalaci\u00f3n Profesional Requerida"}]},{"@type":"WebSite","@id":"https:\/\/solariscoreni.com\/es_es\/#website","url":"https:\/\/solariscoreni.com\/es_es\/","name":"SOLARISCORE SA","description":"SOLARISCORE ofrece soluciones integrales en ENERG&Iacute;A SOLAR, combinando tecnolog&iacute;a avanzada y eficiencia energ&eacute;tica para transformar PANELES SOLARES en oportunidades de ahorro y sostenibilidad.","publisher":{"@id":"https:\/\/solariscoreni.com\/es_es\/#organization"},"potentialAction":[{"@type":"SearchAction","target":{"@type":"EntryPoint","urlTemplate":"https:\/\/solariscoreni.com\/es_es\/?s={search_term_string}"},"query-input":{"@type":"PropertyValueSpecification","valueRequired":true,"valueName":"search_term_string"}}],"inLanguage":"es"},{"@type":"Organization","@id":"https:\/\/solariscoreni.com\/es_es\/#organization","name":"SOLARISCORE SA","url":"https:\/\/solariscoreni.com\/es_es\/","logo":{"@type":"ImageObject","inLanguage":"es","@id":"https:\/\/solariscoreni.com\/es_es\/#\/schema\/logo\/image\/","url":"https:\/\/solariscoreni.com\/wp-content\/uploads\/2025\/03\/IMG_1304.jpeg","contentUrl":"https:\/\/solariscoreni.com\/wp-content\/uploads\/2025\/03\/IMG_1304.jpeg","width":1188,"height":1188,"caption":"SOLARISCORE SA"},"image":{"@id":"https:\/\/solariscoreni.com\/es_es\/#\/schema\/logo\/image\/"}}]}},"_links":{"self":[{"href":"https:\/\/solariscoreni.com\/es_es\/wp-json\/wp\/v2\/product\/389","targetHints":{"allow":["GET"]}}],"collection":[{"href":"https:\/\/solariscoreni.com\/es_es\/wp-json\/wp\/v2\/product"}],"about":[{"href":"https:\/\/solariscoreni.com\/es_es\/wp-json\/wp\/v2\/types\/product"}],"replies":[{"embeddable":true,"href":"https:\/\/solariscoreni.com\/es_es\/wp-json\/wp\/v2\/comments?post=389"}],"wp:featuredmedia":[{"embeddable":true,"href":"https:\/\/solariscoreni.com\/es_es\/wp-json\/wp\/v2\/media\/502"}],"wp:attachment":[{"href":"https:\/\/solariscoreni.com\/es_es\/wp-json\/wp\/v2\/media?parent=389"}],"wp:term":[{"taxonomy":"product_brand","embeddable":true,"href":"https:\/\/solariscoreni.com\/es_es\/wp-json\/wp\/v2\/product_brand?post=389"},{"taxonomy":"product_cat","embeddable":true,"href":"https:\/\/solariscoreni.com\/es_es\/wp-json\/wp\/v2\/product_cat?post=389"},{"taxonomy":"product_tag","embeddable":true,"href":"https:\/\/solariscoreni.com\/es_es\/wp-json\/wp\/v2\/product_tag?post=389"}],"curies":[{"name":"wp","href":"https:\/\/api.w.org\/{rel}","templated":true}]}}