{"id":409,"date":"2025-03-27T16:32:57","date_gmt":"2025-03-27T18:02:57","guid":{"rendered":"https:\/\/solariscoreni.com\/?post_type=product&#038;p=409"},"modified":"2025-04-04T16:25:44","modified_gmt":"2025-04-04T17:55:44","slug":"cable-solar-pv1-f-negro-cobre-estanado-xlpo","status":"publish","type":"product","link":"https:\/\/solariscoreni.com\/es_es\/producto\/cable-solar-pv1-f-negro-cobre-estanado-xlpo\/","title":{"rendered":"Cable Solar PV1-F &#8211; Negro ( Cobre esta\u00f1ado \/ XLPO)"},"content":{"rendered":"<p>Dise\u00f1ado para sistemas solares, este cable PV1-F garantiza una transmisi\u00f3n eficiente y segura de energ\u00eda.Compatible con todo tipo de instalaciones fotovoltaicas profesionales.<\/p>\n<p>&nbsp;<\/p>\n","protected":false},"excerpt":{"rendered":"<ul>\n<li>Secci\u00f3n: 1&#215;4 mm\u00b2<\/li>\n<li>Color: Negro<\/li>\n<li>Tensi\u00f3n nominal: 1000 V CA \/ 1500 V CC<\/li>\n<li>Resistencia a la intemperie, rayos UV y altas temperaturas.<\/li>\n<li>Garant\u00eda de F\u00e1brica 1 A\u00f1o.<\/li>\n<\/ul>\n","protected":false},"featured_media":412,"comment_status":"open","ping_status":"closed","template":"","meta":[],"product_brand":[],"product_cat":[40],"product_tag":[],"class_list":{"0":"post-409","1":"product","2":"type-product","3":"status-publish","4":"has-post-thumbnail","6":"product_cat-cables-para-paneles-solares","8":"first","9":"instock","10":"shipping-taxable","11":"product-type-simple"},"yoast_head":"<!-- This site is optimized with the Yoast SEO plugin v27.4 - https:\/\/yoast.com\/product\/yoast-seo-wordpress\/ -->\n<title>Cable Solar PV1-F - Negro ( Cobre esta\u00f1ado \/ XLPO) - SOLARISCORE SA<\/title>\n<meta name=\"robots\" content=\"index, follow, max-snippet:-1, max-image-preview:large, max-video-preview:-1\" \/>\n<link rel=\"canonical\" href=\"https:\/\/solariscoreni.com\/es_es\/product\/cable-solar-pv1-f-negro-cobre-estanado-xlpo\/\" \/>\n<meta property=\"og:locale\" content=\"es_ES\" \/>\n<meta property=\"og:type\" content=\"article\" \/>\n<meta property=\"og:title\" content=\"Cable Solar PV1-F - Negro ( Cobre esta\u00f1ado \/ XLPO) - SOLARISCORE SA\" \/>\n<meta property=\"og:description\" content=\"Secci\u00f3n: 1x4 mm\u00b2  Color: Negro  Tensi\u00f3n nominal: 1000 V CA \/ 1500 V CC  Resistencia a la intemperie, rayos UV y altas temperaturas.  Garant\u00eda de F\u00e1brica 1 A\u00f1o.\" \/>\n<meta property=\"og:url\" content=\"https:\/\/solariscoreni.com\/es_es\/product\/cable-solar-pv1-f-negro-cobre-estanado-xlpo\/\" \/>\n<meta property=\"og:site_name\" content=\"SOLARISCORE SA\" \/>\n<meta property=\"article:modified_time\" content=\"2025-04-04T17:55:44+00:00\" \/>\n<meta property=\"og:image\" content=\"https:\/\/solariscoreni.com\/wp-content\/uploads\/2025\/03\/PHOTO-2025-03-24-19-53-09-3.jpeg\" \/>\n\t<meta property=\"og:image:width\" content=\"640\" \/>\n\t<meta property=\"og:image:height\" content=\"421\" \/>\n\t<meta property=\"og:image:type\" content=\"image\/jpeg\" \/>\n<meta name=\"twitter:card\" content=\"summary_large_image\" \/>\n<meta name=\"twitter:label1\" content=\"Tiempo de lectura\" \/>\n\t<meta name=\"twitter:data1\" content=\"1 minuto\" \/>\n<script type=\"application\/ld+json\" class=\"yoast-schema-graph\">{\"@context\":\"https:\\\/\\\/schema.org\",\"@graph\":[{\"@type\":\"WebPage\",\"@id\":\"https:\\\/\\\/solariscoreni.com\\\/en\\\/product\\\/cable-solar-pv1-f-negro-cobre-estanado-xlpo\\\/\",\"url\":\"https:\\\/\\\/solariscoreni.com\\\/en\\\/product\\\/cable-solar-pv1-f-negro-cobre-estanado-xlpo\\\/\",\"name\":\"Cable Solar PV1-F - Negro ( Cobre esta\u00f1ado \\\/ XLPO) - SOLARISCORE SA\",\"isPartOf\":{\"@id\":\"https:\\\/\\\/solariscoreni.com\\\/es_es\\\/#website\"},\"primaryImageOfPage\":{\"@id\":\"https:\\\/\\\/solariscoreni.com\\\/en\\\/product\\\/cable-solar-pv1-f-negro-cobre-estanado-xlpo\\\/#primaryimage\"},\"image\":{\"@id\":\"https:\\\/\\\/solariscoreni.com\\\/en\\\/product\\\/cable-solar-pv1-f-negro-cobre-estanado-xlpo\\\/#primaryimage\"},\"thumbnailUrl\":\"https:\\\/\\\/solariscoreni.com\\\/wp-content\\\/uploads\\\/2025\\\/03\\\/PHOTO-2025-03-24-19-53-09-3.jpeg\",\"datePublished\":\"2025-03-27T18:02:57+00:00\",\"dateModified\":\"2025-04-04T17:55:44+00:00\",\"breadcrumb\":{\"@id\":\"https:\\\/\\\/solariscoreni.com\\\/en\\\/product\\\/cable-solar-pv1-f-negro-cobre-estanado-xlpo\\\/#breadcrumb\"},\"inLanguage\":\"es\",\"potentialAction\":[{\"@type\":\"ReadAction\",\"target\":[\"https:\\\/\\\/solariscoreni.com\\\/en\\\/product\\\/cable-solar-pv1-f-negro-cobre-estanado-xlpo\\\/\"]}]},{\"@type\":\"ImageObject\",\"inLanguage\":\"es\",\"@id\":\"https:\\\/\\\/solariscoreni.com\\\/en\\\/product\\\/cable-solar-pv1-f-negro-cobre-estanado-xlpo\\\/#primaryimage\",\"url\":\"https:\\\/\\\/solariscoreni.com\\\/wp-content\\\/uploads\\\/2025\\\/03\\\/PHOTO-2025-03-24-19-53-09-3.jpeg\",\"contentUrl\":\"https:\\\/\\\/solariscoreni.com\\\/wp-content\\\/uploads\\\/2025\\\/03\\\/PHOTO-2025-03-24-19-53-09-3.jpeg\",\"width\":640,\"height\":421},{\"@type\":\"BreadcrumbList\",\"@id\":\"https:\\\/\\\/solariscoreni.com\\\/en\\\/product\\\/cable-solar-pv1-f-negro-cobre-estanado-xlpo\\\/#breadcrumb\",\"itemListElement\":[{\"@type\":\"ListItem\",\"position\":1,\"name\":\"Portada\",\"item\":\"https:\\\/\\\/solariscoreni.com\\\/es_es\\\/\"},{\"@type\":\"ListItem\",\"position\":2,\"name\":\"Cat\u00e1logo\",\"item\":\"https:\\\/\\\/solariscoreni.com\\\/es_es\\\/catalogo\\\/\"},{\"@type\":\"ListItem\",\"position\":3,\"name\":\"Cable Solar PV1-F &#8211; Negro ( Cobre esta\u00f1ado \\\/ XLPO)\"}]},{\"@type\":\"WebSite\",\"@id\":\"https:\\\/\\\/solariscoreni.com\\\/es_es\\\/#website\",\"url\":\"https:\\\/\\\/solariscoreni.com\\\/es_es\\\/\",\"name\":\"SOLARISCORE SA\",\"description\":\"SOLARISCORE ofrece soluciones integrales en ENERG&Iacute;A SOLAR, combinando tecnolog&iacute;a avanzada y eficiencia energ&eacute;tica para transformar PANELES SOLARES en oportunidades de ahorro y sostenibilidad.\",\"publisher\":{\"@id\":\"https:\\\/\\\/solariscoreni.com\\\/es_es\\\/#organization\"},\"potentialAction\":[{\"@type\":\"SearchAction\",\"target\":{\"@type\":\"EntryPoint\",\"urlTemplate\":\"https:\\\/\\\/solariscoreni.com\\\/es_es\\\/?s={search_term_string}\"},\"query-input\":{\"@type\":\"PropertyValueSpecification\",\"valueRequired\":true,\"valueName\":\"search_term_string\"}}],\"inLanguage\":\"es\"},{\"@type\":\"Organization\",\"@id\":\"https:\\\/\\\/solariscoreni.com\\\/es_es\\\/#organization\",\"name\":\"SOLARISCORE SA\",\"url\":\"https:\\\/\\\/solariscoreni.com\\\/es_es\\\/\",\"logo\":{\"@type\":\"ImageObject\",\"inLanguage\":\"es\",\"@id\":\"https:\\\/\\\/solariscoreni.com\\\/es_es\\\/#\\\/schema\\\/logo\\\/image\\\/\",\"url\":\"https:\\\/\\\/solariscoreni.com\\\/wp-content\\\/uploads\\\/2025\\\/03\\\/IMG_1304.jpeg\",\"contentUrl\":\"https:\\\/\\\/solariscoreni.com\\\/wp-content\\\/uploads\\\/2025\\\/03\\\/IMG_1304.jpeg\",\"width\":1188,\"height\":1188,\"caption\":\"SOLARISCORE SA\"},\"image\":{\"@id\":\"https:\\\/\\\/solariscoreni.com\\\/es_es\\\/#\\\/schema\\\/logo\\\/image\\\/\"}}]}<\/script>\n<!-- \/ Yoast SEO plugin. -->","yoast_head_json":{"title":"Cable Solar PV1-F - Negro ( Cobre esta\u00f1ado \/ XLPO) - SOLARISCORE SA","robots":{"index":"index","follow":"follow","max-snippet":"max-snippet:-1","max-image-preview":"max-image-preview:large","max-video-preview":"max-video-preview:-1"},"canonical":"https:\/\/solariscoreni.com\/es_es\/product\/cable-solar-pv1-f-negro-cobre-estanado-xlpo\/","og_locale":"es_ES","og_type":"article","og_title":"Cable Solar PV1-F - Negro ( Cobre esta\u00f1ado \/ XLPO) - SOLARISCORE SA","og_description":"Secci\u00f3n: 1x4 mm\u00b2  Color: Negro  Tensi\u00f3n nominal: 1000 V CA \/ 1500 V CC  Resistencia a la intemperie, rayos UV y altas temperaturas.  Garant\u00eda de F\u00e1brica 1 A\u00f1o.","og_url":"https:\/\/solariscoreni.com\/es_es\/product\/cable-solar-pv1-f-negro-cobre-estanado-xlpo\/","og_site_name":"SOLARISCORE SA","article_modified_time":"2025-04-04T17:55:44+00:00","og_image":[{"width":640,"height":421,"url":"https:\/\/solariscoreni.com\/wp-content\/uploads\/2025\/03\/PHOTO-2025-03-24-19-53-09-3.jpeg","type":"image\/jpeg"}],"twitter_card":"summary_large_image","twitter_misc":{"Tiempo de lectura":"1 minuto"},"schema":{"@context":"https:\/\/schema.org","@graph":[{"@type":"WebPage","@id":"https:\/\/solariscoreni.com\/en\/product\/cable-solar-pv1-f-negro-cobre-estanado-xlpo\/","url":"https:\/\/solariscoreni.com\/en\/product\/cable-solar-pv1-f-negro-cobre-estanado-xlpo\/","name":"Cable Solar PV1-F - Negro ( Cobre esta\u00f1ado \/ XLPO) - SOLARISCORE SA","isPartOf":{"@id":"https:\/\/solariscoreni.com\/es_es\/#website"},"primaryImageOfPage":{"@id":"https:\/\/solariscoreni.com\/en\/product\/cable-solar-pv1-f-negro-cobre-estanado-xlpo\/#primaryimage"},"image":{"@id":"https:\/\/solariscoreni.com\/en\/product\/cable-solar-pv1-f-negro-cobre-estanado-xlpo\/#primaryimage"},"thumbnailUrl":"https:\/\/solariscoreni.com\/wp-content\/uploads\/2025\/03\/PHOTO-2025-03-24-19-53-09-3.jpeg","datePublished":"2025-03-27T18:02:57+00:00","dateModified":"2025-04-04T17:55:44+00:00","breadcrumb":{"@id":"https:\/\/solariscoreni.com\/en\/product\/cable-solar-pv1-f-negro-cobre-estanado-xlpo\/#breadcrumb"},"inLanguage":"es","potentialAction":[{"@type":"ReadAction","target":["https:\/\/solariscoreni.com\/en\/product\/cable-solar-pv1-f-negro-cobre-estanado-xlpo\/"]}]},{"@type":"ImageObject","inLanguage":"es","@id":"https:\/\/solariscoreni.com\/en\/product\/cable-solar-pv1-f-negro-cobre-estanado-xlpo\/#primaryimage","url":"https:\/\/solariscoreni.com\/wp-content\/uploads\/2025\/03\/PHOTO-2025-03-24-19-53-09-3.jpeg","contentUrl":"https:\/\/solariscoreni.com\/wp-content\/uploads\/2025\/03\/PHOTO-2025-03-24-19-53-09-3.jpeg","width":640,"height":421},{"@type":"BreadcrumbList","@id":"https:\/\/solariscoreni.com\/en\/product\/cable-solar-pv1-f-negro-cobre-estanado-xlpo\/#breadcrumb","itemListElement":[{"@type":"ListItem","position":1,"name":"Portada","item":"https:\/\/solariscoreni.com\/es_es\/"},{"@type":"ListItem","position":2,"name":"Cat\u00e1logo","item":"https:\/\/solariscoreni.com\/es_es\/catalogo\/"},{"@type":"ListItem","position":3,"name":"Cable Solar PV1-F &#8211; Negro ( Cobre esta\u00f1ado \/ XLPO)"}]},{"@type":"WebSite","@id":"https:\/\/solariscoreni.com\/es_es\/#website","url":"https:\/\/solariscoreni.com\/es_es\/","name":"SOLARISCORE SA","description":"SOLARISCORE ofrece soluciones integrales en ENERG&Iacute;A SOLAR, combinando tecnolog&iacute;a avanzada y eficiencia energ&eacute;tica para transformar PANELES SOLARES en oportunidades de ahorro y sostenibilidad.","publisher":{"@id":"https:\/\/solariscoreni.com\/es_es\/#organization"},"potentialAction":[{"@type":"SearchAction","target":{"@type":"EntryPoint","urlTemplate":"https:\/\/solariscoreni.com\/es_es\/?s={search_term_string}"},"query-input":{"@type":"PropertyValueSpecification","valueRequired":true,"valueName":"search_term_string"}}],"inLanguage":"es"},{"@type":"Organization","@id":"https:\/\/solariscoreni.com\/es_es\/#organization","name":"SOLARISCORE SA","url":"https:\/\/solariscoreni.com\/es_es\/","logo":{"@type":"ImageObject","inLanguage":"es","@id":"https:\/\/solariscoreni.com\/es_es\/#\/schema\/logo\/image\/","url":"https:\/\/solariscoreni.com\/wp-content\/uploads\/2025\/03\/IMG_1304.jpeg","contentUrl":"https:\/\/solariscoreni.com\/wp-content\/uploads\/2025\/03\/IMG_1304.jpeg","width":1188,"height":1188,"caption":"SOLARISCORE SA"},"image":{"@id":"https:\/\/solariscoreni.com\/es_es\/#\/schema\/logo\/image\/"}}]}},"_links":{"self":[{"href":"https:\/\/solariscoreni.com\/es_es\/wp-json\/wp\/v2\/product\/409","targetHints":{"allow":["GET"]}}],"collection":[{"href":"https:\/\/solariscoreni.com\/es_es\/wp-json\/wp\/v2\/product"}],"about":[{"href":"https:\/\/solariscoreni.com\/es_es\/wp-json\/wp\/v2\/types\/product"}],"replies":[{"embeddable":true,"href":"https:\/\/solariscoreni.com\/es_es\/wp-json\/wp\/v2\/comments?post=409"}],"wp:featuredmedia":[{"embeddable":true,"href":"https:\/\/solariscoreni.com\/es_es\/wp-json\/wp\/v2\/media\/412"}],"wp:attachment":[{"href":"https:\/\/solariscoreni.com\/es_es\/wp-json\/wp\/v2\/media?parent=409"}],"wp:term":[{"taxonomy":"product_brand","embeddable":true,"href":"https:\/\/solariscoreni.com\/es_es\/wp-json\/wp\/v2\/product_brand?post=409"},{"taxonomy":"product_cat","embeddable":true,"href":"https:\/\/solariscoreni.com\/es_es\/wp-json\/wp\/v2\/product_cat?post=409"},{"taxonomy":"product_tag","embeddable":true,"href":"https:\/\/solariscoreni.com\/es_es\/wp-json\/wp\/v2\/product_tag?post=409"}],"curies":[{"name":"wp","href":"https:\/\/api.w.org\/{rel}","templated":true}]}}