{"id":415,"date":"2025-03-27T17:02:39","date_gmt":"2025-03-27T18:32:39","guid":{"rendered":"https:\/\/solariscoreni.com\/?post_type=product&#038;p=415"},"modified":"2025-04-04T16:26:30","modified_gmt":"2025-04-04T17:56:30","slug":"conector-para-cableado-electrico","status":"publish","type":"product","link":"https:\/\/solariscoreni.com\/es_es\/producto\/conector-para-cableado-electrico\/","title":{"rendered":"Conector para cableado el\u00e9ctrico"},"content":{"rendered":"<p>Terminal tubular de cobre esta\u00f1ado tipo ojillo, ideal para conexiones seguras en sistemas el\u00e9ctricos y solares. Dise\u00f1ado para facilitar la conexi\u00f3n de cables de gran calibre, barras de distribuci\u00f3n, Inversores solares , bater\u00edas solares.<\/p>\n<p>Ideal para instalaciones solares off-Grid.<\/p>\n","protected":false},"excerpt":{"rendered":"<ul>\n<li>Fabricado en cobre electrol\u00edtico de alta conductividad.<\/li>\n<li>Recubrimiento esta\u00f1ado para mayor resistencia a la corrosi\u00f3n.<\/li>\n<li>Excelente rendimiento en instalaciones fotovoltaicas, industriales o residenciales.<\/li>\n<li>F\u00e1cil de prensar o soldar para asegurar una conexi\u00f3n firme y segura.<\/li>\n<li>Compatible con cables solares, BVR y de alimentaci\u00f3n.<\/li>\n<\/ul>\n","protected":false},"featured_media":416,"comment_status":"open","ping_status":"closed","template":"","meta":[],"product_brand":[],"product_cat":[41],"product_tag":[],"class_list":{"0":"post-415","1":"product","2":"type-product","3":"status-publish","4":"has-post-thumbnail","6":"product_cat-conector-para-cableado-electrico","8":"first","9":"instock","10":"shipping-taxable","11":"product-type-simple"},"yoast_head":"<!-- This site is optimized with the Yoast SEO plugin v27.4 - https:\/\/yoast.com\/product\/yoast-seo-wordpress\/ -->\n<title>Conector para cableado el\u00e9ctrico - SOLARISCORE SA<\/title>\n<meta name=\"robots\" content=\"index, follow, max-snippet:-1, max-image-preview:large, max-video-preview:-1\" \/>\n<link rel=\"canonical\" href=\"https:\/\/solariscoreni.com\/es_es\/product\/conector-para-cableado-electrico\/\" \/>\n<meta property=\"og:locale\" content=\"es_ES\" \/>\n<meta property=\"og:type\" content=\"article\" \/>\n<meta property=\"og:title\" content=\"Conector para cableado el\u00e9ctrico - SOLARISCORE SA\" \/>\n<meta property=\"og:description\" content=\"Fabricado en cobre electrol\u00edtico de alta conductividad.  Recubrimiento esta\u00f1ado para mayor resistencia a la corrosi\u00f3n.  Excelente rendimiento en instalaciones fotovoltaicas, industriales o residenciales.  F\u00e1cil de prensar o soldar para asegurar una conexi\u00f3n firme y segura.  Compatible con cables solares, BVR y de alimentaci\u00f3n.\" \/>\n<meta property=\"og:url\" content=\"https:\/\/solariscoreni.com\/es_es\/product\/conector-para-cableado-electrico\/\" \/>\n<meta property=\"og:site_name\" content=\"SOLARISCORE SA\" \/>\n<meta property=\"article:modified_time\" content=\"2025-04-04T17:56:30+00:00\" \/>\n<meta property=\"og:image\" content=\"https:\/\/solariscoreni.com\/wp-content\/uploads\/2025\/03\/PHOTO-2025-03-24-19-53-09-4-1.jpeg\" \/>\n\t<meta property=\"og:image:width\" content=\"749\" \/>\n\t<meta property=\"og:image:height\" content=\"614\" \/>\n\t<meta property=\"og:image:type\" content=\"image\/jpeg\" \/>\n<meta name=\"twitter:card\" content=\"summary_large_image\" \/>\n<meta name=\"twitter:label1\" content=\"Tiempo de lectura\" \/>\n\t<meta name=\"twitter:data1\" content=\"1 minuto\" \/>\n<script type=\"application\/ld+json\" class=\"yoast-schema-graph\">{\"@context\":\"https:\\\/\\\/schema.org\",\"@graph\":[{\"@type\":\"WebPage\",\"@id\":\"https:\\\/\\\/solariscoreni.com\\\/en\\\/product\\\/conector-para-cableado-electrico\\\/\",\"url\":\"https:\\\/\\\/solariscoreni.com\\\/en\\\/product\\\/conector-para-cableado-electrico\\\/\",\"name\":\"Conector para cableado el\u00e9ctrico - SOLARISCORE SA\",\"isPartOf\":{\"@id\":\"https:\\\/\\\/solariscoreni.com\\\/es_es\\\/#website\"},\"primaryImageOfPage\":{\"@id\":\"https:\\\/\\\/solariscoreni.com\\\/en\\\/product\\\/conector-para-cableado-electrico\\\/#primaryimage\"},\"image\":{\"@id\":\"https:\\\/\\\/solariscoreni.com\\\/en\\\/product\\\/conector-para-cableado-electrico\\\/#primaryimage\"},\"thumbnailUrl\":\"https:\\\/\\\/solariscoreni.com\\\/wp-content\\\/uploads\\\/2025\\\/03\\\/PHOTO-2025-03-24-19-53-09-4-1.jpeg\",\"datePublished\":\"2025-03-27T18:32:39+00:00\",\"dateModified\":\"2025-04-04T17:56:30+00:00\",\"breadcrumb\":{\"@id\":\"https:\\\/\\\/solariscoreni.com\\\/en\\\/product\\\/conector-para-cableado-electrico\\\/#breadcrumb\"},\"inLanguage\":\"es\",\"potentialAction\":[{\"@type\":\"ReadAction\",\"target\":[\"https:\\\/\\\/solariscoreni.com\\\/en\\\/product\\\/conector-para-cableado-electrico\\\/\"]}]},{\"@type\":\"ImageObject\",\"inLanguage\":\"es\",\"@id\":\"https:\\\/\\\/solariscoreni.com\\\/en\\\/product\\\/conector-para-cableado-electrico\\\/#primaryimage\",\"url\":\"https:\\\/\\\/solariscoreni.com\\\/wp-content\\\/uploads\\\/2025\\\/03\\\/PHOTO-2025-03-24-19-53-09-4-1.jpeg\",\"contentUrl\":\"https:\\\/\\\/solariscoreni.com\\\/wp-content\\\/uploads\\\/2025\\\/03\\\/PHOTO-2025-03-24-19-53-09-4-1.jpeg\",\"width\":749,\"height\":614},{\"@type\":\"BreadcrumbList\",\"@id\":\"https:\\\/\\\/solariscoreni.com\\\/en\\\/product\\\/conector-para-cableado-electrico\\\/#breadcrumb\",\"itemListElement\":[{\"@type\":\"ListItem\",\"position\":1,\"name\":\"Portada\",\"item\":\"https:\\\/\\\/solariscoreni.com\\\/es_es\\\/\"},{\"@type\":\"ListItem\",\"position\":2,\"name\":\"Cat\u00e1logo\",\"item\":\"https:\\\/\\\/solariscoreni.com\\\/es_es\\\/catalogo\\\/\"},{\"@type\":\"ListItem\",\"position\":3,\"name\":\"Conector para cableado el\u00e9ctrico\"}]},{\"@type\":\"WebSite\",\"@id\":\"https:\\\/\\\/solariscoreni.com\\\/es_es\\\/#website\",\"url\":\"https:\\\/\\\/solariscoreni.com\\\/es_es\\\/\",\"name\":\"SOLARISCORE SA\",\"description\":\"SOLARISCORE ofrece soluciones integrales en ENERG&Iacute;A SOLAR, combinando tecnolog&iacute;a avanzada y eficiencia energ&eacute;tica para transformar PANELES SOLARES en oportunidades de ahorro y sostenibilidad.\",\"publisher\":{\"@id\":\"https:\\\/\\\/solariscoreni.com\\\/es_es\\\/#organization\"},\"potentialAction\":[{\"@type\":\"SearchAction\",\"target\":{\"@type\":\"EntryPoint\",\"urlTemplate\":\"https:\\\/\\\/solariscoreni.com\\\/es_es\\\/?s={search_term_string}\"},\"query-input\":{\"@type\":\"PropertyValueSpecification\",\"valueRequired\":true,\"valueName\":\"search_term_string\"}}],\"inLanguage\":\"es\"},{\"@type\":\"Organization\",\"@id\":\"https:\\\/\\\/solariscoreni.com\\\/es_es\\\/#organization\",\"name\":\"SOLARISCORE SA\",\"url\":\"https:\\\/\\\/solariscoreni.com\\\/es_es\\\/\",\"logo\":{\"@type\":\"ImageObject\",\"inLanguage\":\"es\",\"@id\":\"https:\\\/\\\/solariscoreni.com\\\/es_es\\\/#\\\/schema\\\/logo\\\/image\\\/\",\"url\":\"https:\\\/\\\/solariscoreni.com\\\/wp-content\\\/uploads\\\/2025\\\/03\\\/IMG_1304.jpeg\",\"contentUrl\":\"https:\\\/\\\/solariscoreni.com\\\/wp-content\\\/uploads\\\/2025\\\/03\\\/IMG_1304.jpeg\",\"width\":1188,\"height\":1188,\"caption\":\"SOLARISCORE SA\"},\"image\":{\"@id\":\"https:\\\/\\\/solariscoreni.com\\\/es_es\\\/#\\\/schema\\\/logo\\\/image\\\/\"}}]}<\/script>\n<!-- \/ Yoast SEO plugin. -->","yoast_head_json":{"title":"Conector para cableado el\u00e9ctrico - SOLARISCORE SA","robots":{"index":"index","follow":"follow","max-snippet":"max-snippet:-1","max-image-preview":"max-image-preview:large","max-video-preview":"max-video-preview:-1"},"canonical":"https:\/\/solariscoreni.com\/es_es\/product\/conector-para-cableado-electrico\/","og_locale":"es_ES","og_type":"article","og_title":"Conector para cableado el\u00e9ctrico - SOLARISCORE SA","og_description":"Fabricado en cobre electrol\u00edtico de alta conductividad.  Recubrimiento esta\u00f1ado para mayor resistencia a la corrosi\u00f3n.  Excelente rendimiento en instalaciones fotovoltaicas, industriales o residenciales.  F\u00e1cil de prensar o soldar para asegurar una conexi\u00f3n firme y segura.  Compatible con cables solares, BVR y de alimentaci\u00f3n.","og_url":"https:\/\/solariscoreni.com\/es_es\/product\/conector-para-cableado-electrico\/","og_site_name":"SOLARISCORE SA","article_modified_time":"2025-04-04T17:56:30+00:00","og_image":[{"width":749,"height":614,"url":"https:\/\/solariscoreni.com\/wp-content\/uploads\/2025\/03\/PHOTO-2025-03-24-19-53-09-4-1.jpeg","type":"image\/jpeg"}],"twitter_card":"summary_large_image","twitter_misc":{"Tiempo de lectura":"1 minuto"},"schema":{"@context":"https:\/\/schema.org","@graph":[{"@type":"WebPage","@id":"https:\/\/solariscoreni.com\/en\/product\/conector-para-cableado-electrico\/","url":"https:\/\/solariscoreni.com\/en\/product\/conector-para-cableado-electrico\/","name":"Conector para cableado el\u00e9ctrico - SOLARISCORE SA","isPartOf":{"@id":"https:\/\/solariscoreni.com\/es_es\/#website"},"primaryImageOfPage":{"@id":"https:\/\/solariscoreni.com\/en\/product\/conector-para-cableado-electrico\/#primaryimage"},"image":{"@id":"https:\/\/solariscoreni.com\/en\/product\/conector-para-cableado-electrico\/#primaryimage"},"thumbnailUrl":"https:\/\/solariscoreni.com\/wp-content\/uploads\/2025\/03\/PHOTO-2025-03-24-19-53-09-4-1.jpeg","datePublished":"2025-03-27T18:32:39+00:00","dateModified":"2025-04-04T17:56:30+00:00","breadcrumb":{"@id":"https:\/\/solariscoreni.com\/en\/product\/conector-para-cableado-electrico\/#breadcrumb"},"inLanguage":"es","potentialAction":[{"@type":"ReadAction","target":["https:\/\/solariscoreni.com\/en\/product\/conector-para-cableado-electrico\/"]}]},{"@type":"ImageObject","inLanguage":"es","@id":"https:\/\/solariscoreni.com\/en\/product\/conector-para-cableado-electrico\/#primaryimage","url":"https:\/\/solariscoreni.com\/wp-content\/uploads\/2025\/03\/PHOTO-2025-03-24-19-53-09-4-1.jpeg","contentUrl":"https:\/\/solariscoreni.com\/wp-content\/uploads\/2025\/03\/PHOTO-2025-03-24-19-53-09-4-1.jpeg","width":749,"height":614},{"@type":"BreadcrumbList","@id":"https:\/\/solariscoreni.com\/en\/product\/conector-para-cableado-electrico\/#breadcrumb","itemListElement":[{"@type":"ListItem","position":1,"name":"Portada","item":"https:\/\/solariscoreni.com\/es_es\/"},{"@type":"ListItem","position":2,"name":"Cat\u00e1logo","item":"https:\/\/solariscoreni.com\/es_es\/catalogo\/"},{"@type":"ListItem","position":3,"name":"Conector para cableado el\u00e9ctrico"}]},{"@type":"WebSite","@id":"https:\/\/solariscoreni.com\/es_es\/#website","url":"https:\/\/solariscoreni.com\/es_es\/","name":"SOLARISCORE SA","description":"SOLARISCORE ofrece soluciones integrales en ENERG&Iacute;A SOLAR, combinando tecnolog&iacute;a avanzada y eficiencia energ&eacute;tica para transformar PANELES SOLARES en oportunidades de ahorro y sostenibilidad.","publisher":{"@id":"https:\/\/solariscoreni.com\/es_es\/#organization"},"potentialAction":[{"@type":"SearchAction","target":{"@type":"EntryPoint","urlTemplate":"https:\/\/solariscoreni.com\/es_es\/?s={search_term_string}"},"query-input":{"@type":"PropertyValueSpecification","valueRequired":true,"valueName":"search_term_string"}}],"inLanguage":"es"},{"@type":"Organization","@id":"https:\/\/solariscoreni.com\/es_es\/#organization","name":"SOLARISCORE SA","url":"https:\/\/solariscoreni.com\/es_es\/","logo":{"@type":"ImageObject","inLanguage":"es","@id":"https:\/\/solariscoreni.com\/es_es\/#\/schema\/logo\/image\/","url":"https:\/\/solariscoreni.com\/wp-content\/uploads\/2025\/03\/IMG_1304.jpeg","contentUrl":"https:\/\/solariscoreni.com\/wp-content\/uploads\/2025\/03\/IMG_1304.jpeg","width":1188,"height":1188,"caption":"SOLARISCORE SA"},"image":{"@id":"https:\/\/solariscoreni.com\/es_es\/#\/schema\/logo\/image\/"}}]}},"_links":{"self":[{"href":"https:\/\/solariscoreni.com\/es_es\/wp-json\/wp\/v2\/product\/415","targetHints":{"allow":["GET"]}}],"collection":[{"href":"https:\/\/solariscoreni.com\/es_es\/wp-json\/wp\/v2\/product"}],"about":[{"href":"https:\/\/solariscoreni.com\/es_es\/wp-json\/wp\/v2\/types\/product"}],"replies":[{"embeddable":true,"href":"https:\/\/solariscoreni.com\/es_es\/wp-json\/wp\/v2\/comments?post=415"}],"wp:featuredmedia":[{"embeddable":true,"href":"https:\/\/solariscoreni.com\/es_es\/wp-json\/wp\/v2\/media\/416"}],"wp:attachment":[{"href":"https:\/\/solariscoreni.com\/es_es\/wp-json\/wp\/v2\/media?parent=415"}],"wp:term":[{"taxonomy":"product_brand","embeddable":true,"href":"https:\/\/solariscoreni.com\/es_es\/wp-json\/wp\/v2\/product_brand?post=415"},{"taxonomy":"product_cat","embeddable":true,"href":"https:\/\/solariscoreni.com\/es_es\/wp-json\/wp\/v2\/product_cat?post=415"},{"taxonomy":"product_tag","embeddable":true,"href":"https:\/\/solariscoreni.com\/es_es\/wp-json\/wp\/v2\/product_tag?post=415"}],"curies":[{"name":"wp","href":"https:\/\/api.w.org\/{rel}","templated":true}]}}