{"id":420,"date":"2025-03-27T19:13:33","date_gmt":"2025-03-27T20:43:33","guid":{"rendered":"https:\/\/solariscoreni.com\/?post_type=product&#038;p=420"},"modified":"2025-04-01T21:27:35","modified_gmt":"2025-04-01T22:57:35","slug":"conectores-mc4-para-paneles-solares","status":"publish","type":"product","link":"https:\/\/solariscoreni.com\/es_es\/producto\/conectores-mc4-para-paneles-solares\/","title":{"rendered":"Conectores MC4 para Paneles Solares"},"content":{"rendered":"<p>En SOLARISCORE S.A. te ofrecemos conectores MC4 de alta calidad, ideales para realizar conexiones seguras y eficientes entre paneles solares y otros componentes del sistema fotovoltaico.<\/p>\n<p>Este conector es ideal para sistema Of-grid , permitiendo un montaje r\u00e1pido y seguro.<\/p>\n","protected":false},"excerpt":{"rendered":"<ul>\n<li>Asegura una conexi\u00f3n r\u00e1pida , firme y sin p\u00e9rdidas de energ\u00eda.<\/li>\n<li>Fabricado en material duradero y resistente al calor.<\/li>\n<li>Garant\u00eda de F\u00e1brica 1 A\u00f1o.<\/li>\n<\/ul>\n","protected":false},"featured_media":319,"comment_status":"open","ping_status":"closed","template":"","meta":[],"product_brand":[],"product_cat":[43],"product_tag":[],"class_list":{"0":"post-420","1":"product","2":"type-product","3":"status-publish","4":"has-post-thumbnail","6":"product_cat-conectores-mc4-macho-y-hembra-para-paneles-solares","8":"first","9":"instock","10":"shipping-taxable","11":"product-type-simple"},"yoast_head":"<!-- This site is optimized with the Yoast SEO plugin v27.4 - https:\/\/yoast.com\/product\/yoast-seo-wordpress\/ -->\n<title>Conectores MC4 para Paneles Solares - SOLARISCORE SA<\/title>\n<meta name=\"robots\" content=\"index, follow, max-snippet:-1, max-image-preview:large, max-video-preview:-1\" \/>\n<link rel=\"canonical\" href=\"https:\/\/solariscoreni.com\/es_es\/product\/conectores-mc4-para-paneles-solares\/\" \/>\n<meta property=\"og:locale\" content=\"es_ES\" \/>\n<meta property=\"og:type\" content=\"article\" \/>\n<meta property=\"og:title\" content=\"Conectores MC4 para Paneles Solares - SOLARISCORE SA\" \/>\n<meta property=\"og:description\" content=\"Asegura una conexi\u00f3n r\u00e1pida , firme y sin p\u00e9rdidas de energ\u00eda.  Fabricado en material duradero y resistente al calor.  Garant\u00eda de F\u00e1brica 1 A\u00f1o.\" \/>\n<meta property=\"og:url\" content=\"https:\/\/solariscoreni.com\/es_es\/product\/conectores-mc4-para-paneles-solares\/\" \/>\n<meta property=\"og:site_name\" content=\"SOLARISCORE SA\" \/>\n<meta property=\"article:modified_time\" content=\"2025-04-01T22:57:35+00:00\" \/>\n<meta property=\"og:image\" content=\"https:\/\/solariscoreni.com\/wp-content\/uploads\/2025\/03\/PHOTO-2025-03-14-10-59-39.jpeg\" \/>\n\t<meta property=\"og:image:width\" content=\"500\" \/>\n\t<meta property=\"og:image:height\" content=\"500\" \/>\n\t<meta property=\"og:image:type\" content=\"image\/jpeg\" \/>\n<meta name=\"twitter:card\" content=\"summary_large_image\" \/>\n<meta name=\"twitter:label1\" content=\"Tiempo de lectura\" \/>\n\t<meta name=\"twitter:data1\" content=\"1 minuto\" \/>\n<script type=\"application\/ld+json\" class=\"yoast-schema-graph\">{\"@context\":\"https:\\\/\\\/schema.org\",\"@graph\":[{\"@type\":\"WebPage\",\"@id\":\"https:\\\/\\\/solariscoreni.com\\\/en\\\/product\\\/conectores-mc4-para-paneles-solares\\\/\",\"url\":\"https:\\\/\\\/solariscoreni.com\\\/en\\\/product\\\/conectores-mc4-para-paneles-solares\\\/\",\"name\":\"Conectores MC4 para Paneles Solares - SOLARISCORE SA\",\"isPartOf\":{\"@id\":\"https:\\\/\\\/solariscoreni.com\\\/es_es\\\/#website\"},\"primaryImageOfPage\":{\"@id\":\"https:\\\/\\\/solariscoreni.com\\\/en\\\/product\\\/conectores-mc4-para-paneles-solares\\\/#primaryimage\"},\"image\":{\"@id\":\"https:\\\/\\\/solariscoreni.com\\\/en\\\/product\\\/conectores-mc4-para-paneles-solares\\\/#primaryimage\"},\"thumbnailUrl\":\"https:\\\/\\\/solariscoreni.com\\\/wp-content\\\/uploads\\\/2025\\\/03\\\/PHOTO-2025-03-14-10-59-39.jpeg\",\"datePublished\":\"2025-03-27T20:43:33+00:00\",\"dateModified\":\"2025-04-01T22:57:35+00:00\",\"breadcrumb\":{\"@id\":\"https:\\\/\\\/solariscoreni.com\\\/en\\\/product\\\/conectores-mc4-para-paneles-solares\\\/#breadcrumb\"},\"inLanguage\":\"es\",\"potentialAction\":[{\"@type\":\"ReadAction\",\"target\":[\"https:\\\/\\\/solariscoreni.com\\\/en\\\/product\\\/conectores-mc4-para-paneles-solares\\\/\"]}]},{\"@type\":\"ImageObject\",\"inLanguage\":\"es\",\"@id\":\"https:\\\/\\\/solariscoreni.com\\\/en\\\/product\\\/conectores-mc4-para-paneles-solares\\\/#primaryimage\",\"url\":\"https:\\\/\\\/solariscoreni.com\\\/wp-content\\\/uploads\\\/2025\\\/03\\\/PHOTO-2025-03-14-10-59-39.jpeg\",\"contentUrl\":\"https:\\\/\\\/solariscoreni.com\\\/wp-content\\\/uploads\\\/2025\\\/03\\\/PHOTO-2025-03-14-10-59-39.jpeg\",\"width\":500,\"height\":500},{\"@type\":\"BreadcrumbList\",\"@id\":\"https:\\\/\\\/solariscoreni.com\\\/en\\\/product\\\/conectores-mc4-para-paneles-solares\\\/#breadcrumb\",\"itemListElement\":[{\"@type\":\"ListItem\",\"position\":1,\"name\":\"Portada\",\"item\":\"https:\\\/\\\/solariscoreni.com\\\/es_es\\\/\"},{\"@type\":\"ListItem\",\"position\":2,\"name\":\"Cat\u00e1logo\",\"item\":\"https:\\\/\\\/solariscoreni.com\\\/es_es\\\/catalogo\\\/\"},{\"@type\":\"ListItem\",\"position\":3,\"name\":\"Conectores MC4 para Paneles Solares\"}]},{\"@type\":\"WebSite\",\"@id\":\"https:\\\/\\\/solariscoreni.com\\\/es_es\\\/#website\",\"url\":\"https:\\\/\\\/solariscoreni.com\\\/es_es\\\/\",\"name\":\"SOLARISCORE SA\",\"description\":\"SOLARISCORE ofrece soluciones integrales en ENERG&Iacute;A SOLAR, combinando tecnolog&iacute;a avanzada y eficiencia energ&eacute;tica para transformar PANELES SOLARES en oportunidades de ahorro y sostenibilidad.\",\"publisher\":{\"@id\":\"https:\\\/\\\/solariscoreni.com\\\/es_es\\\/#organization\"},\"potentialAction\":[{\"@type\":\"SearchAction\",\"target\":{\"@type\":\"EntryPoint\",\"urlTemplate\":\"https:\\\/\\\/solariscoreni.com\\\/es_es\\\/?s={search_term_string}\"},\"query-input\":{\"@type\":\"PropertyValueSpecification\",\"valueRequired\":true,\"valueName\":\"search_term_string\"}}],\"inLanguage\":\"es\"},{\"@type\":\"Organization\",\"@id\":\"https:\\\/\\\/solariscoreni.com\\\/es_es\\\/#organization\",\"name\":\"SOLARISCORE SA\",\"url\":\"https:\\\/\\\/solariscoreni.com\\\/es_es\\\/\",\"logo\":{\"@type\":\"ImageObject\",\"inLanguage\":\"es\",\"@id\":\"https:\\\/\\\/solariscoreni.com\\\/es_es\\\/#\\\/schema\\\/logo\\\/image\\\/\",\"url\":\"https:\\\/\\\/solariscoreni.com\\\/wp-content\\\/uploads\\\/2025\\\/03\\\/IMG_1304.jpeg\",\"contentUrl\":\"https:\\\/\\\/solariscoreni.com\\\/wp-content\\\/uploads\\\/2025\\\/03\\\/IMG_1304.jpeg\",\"width\":1188,\"height\":1188,\"caption\":\"SOLARISCORE SA\"},\"image\":{\"@id\":\"https:\\\/\\\/solariscoreni.com\\\/es_es\\\/#\\\/schema\\\/logo\\\/image\\\/\"}}]}<\/script>\n<!-- \/ Yoast SEO plugin. -->","yoast_head_json":{"title":"Conectores MC4 para Paneles Solares - SOLARISCORE SA","robots":{"index":"index","follow":"follow","max-snippet":"max-snippet:-1","max-image-preview":"max-image-preview:large","max-video-preview":"max-video-preview:-1"},"canonical":"https:\/\/solariscoreni.com\/es_es\/product\/conectores-mc4-para-paneles-solares\/","og_locale":"es_ES","og_type":"article","og_title":"Conectores MC4 para Paneles Solares - SOLARISCORE SA","og_description":"Asegura una conexi\u00f3n r\u00e1pida , firme y sin p\u00e9rdidas de energ\u00eda.  Fabricado en material duradero y resistente al calor.  Garant\u00eda de F\u00e1brica 1 A\u00f1o.","og_url":"https:\/\/solariscoreni.com\/es_es\/product\/conectores-mc4-para-paneles-solares\/","og_site_name":"SOLARISCORE SA","article_modified_time":"2025-04-01T22:57:35+00:00","og_image":[{"width":500,"height":500,"url":"https:\/\/solariscoreni.com\/wp-content\/uploads\/2025\/03\/PHOTO-2025-03-14-10-59-39.jpeg","type":"image\/jpeg"}],"twitter_card":"summary_large_image","twitter_misc":{"Tiempo de lectura":"1 minuto"},"schema":{"@context":"https:\/\/schema.org","@graph":[{"@type":"WebPage","@id":"https:\/\/solariscoreni.com\/en\/product\/conectores-mc4-para-paneles-solares\/","url":"https:\/\/solariscoreni.com\/en\/product\/conectores-mc4-para-paneles-solares\/","name":"Conectores MC4 para Paneles Solares - SOLARISCORE SA","isPartOf":{"@id":"https:\/\/solariscoreni.com\/es_es\/#website"},"primaryImageOfPage":{"@id":"https:\/\/solariscoreni.com\/en\/product\/conectores-mc4-para-paneles-solares\/#primaryimage"},"image":{"@id":"https:\/\/solariscoreni.com\/en\/product\/conectores-mc4-para-paneles-solares\/#primaryimage"},"thumbnailUrl":"https:\/\/solariscoreni.com\/wp-content\/uploads\/2025\/03\/PHOTO-2025-03-14-10-59-39.jpeg","datePublished":"2025-03-27T20:43:33+00:00","dateModified":"2025-04-01T22:57:35+00:00","breadcrumb":{"@id":"https:\/\/solariscoreni.com\/en\/product\/conectores-mc4-para-paneles-solares\/#breadcrumb"},"inLanguage":"es","potentialAction":[{"@type":"ReadAction","target":["https:\/\/solariscoreni.com\/en\/product\/conectores-mc4-para-paneles-solares\/"]}]},{"@type":"ImageObject","inLanguage":"es","@id":"https:\/\/solariscoreni.com\/en\/product\/conectores-mc4-para-paneles-solares\/#primaryimage","url":"https:\/\/solariscoreni.com\/wp-content\/uploads\/2025\/03\/PHOTO-2025-03-14-10-59-39.jpeg","contentUrl":"https:\/\/solariscoreni.com\/wp-content\/uploads\/2025\/03\/PHOTO-2025-03-14-10-59-39.jpeg","width":500,"height":500},{"@type":"BreadcrumbList","@id":"https:\/\/solariscoreni.com\/en\/product\/conectores-mc4-para-paneles-solares\/#breadcrumb","itemListElement":[{"@type":"ListItem","position":1,"name":"Portada","item":"https:\/\/solariscoreni.com\/es_es\/"},{"@type":"ListItem","position":2,"name":"Cat\u00e1logo","item":"https:\/\/solariscoreni.com\/es_es\/catalogo\/"},{"@type":"ListItem","position":3,"name":"Conectores MC4 para Paneles Solares"}]},{"@type":"WebSite","@id":"https:\/\/solariscoreni.com\/es_es\/#website","url":"https:\/\/solariscoreni.com\/es_es\/","name":"SOLARISCORE SA","description":"SOLARISCORE ofrece soluciones integrales en ENERG&Iacute;A SOLAR, combinando tecnolog&iacute;a avanzada y eficiencia energ&eacute;tica para transformar PANELES SOLARES en oportunidades de ahorro y sostenibilidad.","publisher":{"@id":"https:\/\/solariscoreni.com\/es_es\/#organization"},"potentialAction":[{"@type":"SearchAction","target":{"@type":"EntryPoint","urlTemplate":"https:\/\/solariscoreni.com\/es_es\/?s={search_term_string}"},"query-input":{"@type":"PropertyValueSpecification","valueRequired":true,"valueName":"search_term_string"}}],"inLanguage":"es"},{"@type":"Organization","@id":"https:\/\/solariscoreni.com\/es_es\/#organization","name":"SOLARISCORE SA","url":"https:\/\/solariscoreni.com\/es_es\/","logo":{"@type":"ImageObject","inLanguage":"es","@id":"https:\/\/solariscoreni.com\/es_es\/#\/schema\/logo\/image\/","url":"https:\/\/solariscoreni.com\/wp-content\/uploads\/2025\/03\/IMG_1304.jpeg","contentUrl":"https:\/\/solariscoreni.com\/wp-content\/uploads\/2025\/03\/IMG_1304.jpeg","width":1188,"height":1188,"caption":"SOLARISCORE SA"},"image":{"@id":"https:\/\/solariscoreni.com\/es_es\/#\/schema\/logo\/image\/"}}]}},"_links":{"self":[{"href":"https:\/\/solariscoreni.com\/es_es\/wp-json\/wp\/v2\/product\/420","targetHints":{"allow":["GET"]}}],"collection":[{"href":"https:\/\/solariscoreni.com\/es_es\/wp-json\/wp\/v2\/product"}],"about":[{"href":"https:\/\/solariscoreni.com\/es_es\/wp-json\/wp\/v2\/types\/product"}],"replies":[{"embeddable":true,"href":"https:\/\/solariscoreni.com\/es_es\/wp-json\/wp\/v2\/comments?post=420"}],"wp:featuredmedia":[{"embeddable":true,"href":"https:\/\/solariscoreni.com\/es_es\/wp-json\/wp\/v2\/media\/319"}],"wp:attachment":[{"href":"https:\/\/solariscoreni.com\/es_es\/wp-json\/wp\/v2\/media?parent=420"}],"wp:term":[{"taxonomy":"product_brand","embeddable":true,"href":"https:\/\/solariscoreni.com\/es_es\/wp-json\/wp\/v2\/product_brand?post=420"},{"taxonomy":"product_cat","embeddable":true,"href":"https:\/\/solariscoreni.com\/es_es\/wp-json\/wp\/v2\/product_cat?post=420"},{"taxonomy":"product_tag","embeddable":true,"href":"https:\/\/solariscoreni.com\/es_es\/wp-json\/wp\/v2\/product_tag?post=420"}],"curies":[{"name":"wp","href":"https:\/\/api.w.org\/{rel}","templated":true}]}}